{"id":10411,"date":"2025-02-19T11:50:22","date_gmt":"2025-02-19T10:50:22","guid":{"rendered":"https:\/\/delphinedion.com\/?post_type=product&#038;p=10411"},"modified":"2026-02-24T22:18:24","modified_gmt":"2026-02-24T21:18:24","slug":"naturalist-poster-species-of-mustelids-of-europe","status":"publish","type":"product","link":"https:\/\/delphinedion.com\/en\/produit\/naturalist-poster-species-of-mustelids-of-europe\/","title":{"rendered":"Naturalist Poster | Species of Mustelids of Europe"},"content":{"rendered":"<p>Poster showing the 9 and 12 species of mustelids found in France and Europe, respectively.<\/p>\n<p><span style=\"font-weight: 400;\">It is perfect as a gift for a naturalist or a lover of this family of small mammals ! It will bring a naturalist touch to your home, and will be a perfect add for a cabinet of curiosity decoration. <\/span><\/p>\n<p><span style=\"font-weight: 400;\">Thanks to it, you can discover and identify the 12 species of mustelids found in Europe or the 9 species found in France, with common and scientific names displayed at the bottom.<\/span><\/p>\n<p>I drew each animal with colored pencils and painted them with watercolors, then arranged them to create a carefully composed layout.<\/p>\n<p>I print each poster on demand, on heavy 245 gsm slightly textured paper. I recommend displaying them in a frame, protected by a glass or plexiglass cover.<\/p>\n<p>There are 3 versions available :<\/p>\n<ul>\n<li>Species of Mustelids of Europe (12 species) : scientific and english common names<\/li>\n<li>Les Must\u00e9lid\u00e9s de France (9 species) : scientific and french common names<\/li>\n<li>Les Must\u00e9lid\u00e9s d&#8217;Europe (12 species) : scientific and french common names<\/li>\n<\/ul>\n<p>Make sure to select the version and format you want in the dropdown list before adding the item to your cart.<\/p>\n<p><em><strong>Characteristics :<\/strong><\/em><\/p>\n<ul>\n<li style=\"list-style-type: none;\">\n<ul>\n<li><em>Sizes :<\/em> A5 (14,8 x 21 cm), A4 (21 x 29,7 cm), A3 (29,7 x 42 cm)<\/li>\n<li>Printed on archival fine art paper, slight texture, watercolor paper-like<\/li>\n<li>Heavy paper of 245 g\/m\u00b2<\/li>\n<li><em>Plastic-free packaging :<\/em> the print is shipped flat in a cardboard envelope and protected in a glassine paper sleeve. Take care of our planet, recycle or reuse the packaging !<\/li>\n<li> <em>Shipping :<\/em> within 2-5 workings days. I print each print myself on demand, I need some time to prepare them ! Shipped with a tracking number<\/li>\n<\/ul>\n<\/li>\n<\/ul>\n<p><strong style=\"font-size: 16px;\">Please note that colors can vary depending on the colorimetric configuration of your screen&#8217;s device.<\/strong><\/p>\n","protected":false},"excerpt":{"rendered":"<p>Ideal for naturalists or mustelid enthusiasts!<\/p>\n<p><b>Material : Slightly textured 245 g\/m\u00b2 paper<\/b><br \/>\n<b>Sizes :<\/b> A5 (14,8 x 21 cm), A4 (21 x 29,7 cm), A3 (29,7 x 42 cm)<\/p>\n<p><strong>Versions : <\/strong>Les Must\u00e9lid\u00e9s de France, Les Must\u00e9lid\u00e9s d&#8217;Europe (in french), Species of Mustelids of Europe (in english)<\/p>\n<p>Please select the version and size of your choice from the dropdown list below.<br \/>\n<br \/>Printed in France by myself.<\/p>\n","protected":false},"featured_media":10264,"comment_status":"open","ping_status":"closed","template":"","meta":{"om_disable_all_campaigns":false,"_monsterinsights_skip_tracking":false,"_monsterinsights_sitenote_active":false,"_monsterinsights_sitenote_note":"","_monsterinsights_sitenote_category":0,"_uf_show_specific_survey":0,"_uf_disable_surveys":false,"site-sidebar-layout":"default","site-content-layout":"","ast-site-content-layout":"default","site-content-style":"default","site-sidebar-style":"default","ast-global-header-display":"","ast-banner-title-visibility":"","ast-main-header-display":"","ast-hfb-above-header-display":"","ast-hfb-below-header-display":"","ast-hfb-mobile-header-display":"","site-post-title":"","ast-breadcrumbs-content":"","ast-featured-img":"","footer-sml-layout":"","ast-disable-related-posts":"","theme-transparent-header-meta":"default","adv-header-id-meta":"","stick-header-meta":"","header-above-stick-meta":"","header-main-stick-meta":"","header-below-stick-meta":"","astra-migrate-meta-layouts":"default","ast-page-background-enabled":"default","ast-page-background-meta":{"desktop":{"background-color":"var(--ast-global-color-4)","background-image":"","background-repeat":"repeat","background-position":"center center","background-size":"auto","background-attachment":"scroll","background-type":"","background-media":"","overlay-type":"","overlay-color":"","overlay-opacity":"","overlay-gradient":""},"tablet":{"background-color":"","background-image":"","background-repeat":"repeat","background-position":"center center","background-size":"auto","background-attachment":"scroll","background-type":"","background-media":"","overlay-type":"","overlay-color":"","overlay-opacity":"","overlay-gradient":""},"mobile":{"background-color":"","background-image":"","background-repeat":"repeat","background-position":"center center","background-size":"auto","background-attachment":"scroll","background-type":"","background-media":"","overlay-type":"","overlay-color":"","overlay-opacity":"","overlay-gradient":""}},"ast-content-background-meta":{"desktop":{"background-color":"var(--ast-global-color-5)","background-image":"","background-repeat":"repeat","background-position":"center center","background-size":"auto","background-attachment":"scroll","background-type":"","background-media":"","overlay-type":"","overlay-color":"","overlay-opacity":"","overlay-gradient":""},"tablet":{"background-color":"var(--ast-global-color-5)","background-image":"","background-repeat":"repeat","background-position":"center center","background-size":"auto","background-attachment":"scroll","background-type":"","background-media":"","overlay-type":"","overlay-color":"","overlay-opacity":"","overlay-gradient":""},"mobile":{"background-color":"var(--ast-global-color-5)","background-image":"","background-repeat":"repeat","background-position":"center center","background-size":"auto","background-attachment":"scroll","background-type":"","background-media":"","overlay-type":"","overlay-color":"","overlay-opacity":"","overlay-gradient":""}}},"product_brand":[],"product_cat":[34,264],"product_tag":[117,329],"class_list":{"0":"post-10411","1":"product","2":"type-product","3":"status-publish","4":"has-post-thumbnail","6":"product_cat-art-prints","7":"product_cat-naturalist-posters","8":"product_tag-european-fauna","9":"product_tag-mustelids","10":"desktop-align-left","11":"tablet-align-left","12":"mobile-align-left","14":"first","15":"instock","16":"purchasable","17":"product-type-variable"},"yoast_head":"<!-- This site is optimized with the Yoast SEO plugin v27.4 - https:\/\/yoast.com\/product\/yoast-seo-wordpress\/ -->\n<title>Naturalist Poster | Species of Mustelids of Europe - Delphine Dion<\/title>\n<meta name=\"description\" content=\"Naturalist poster ready to frame | Nature d\u00e9coration | 3 sizes available | Species of Mustelids of Europe\" \/>\n<meta name=\"robots\" content=\"index, follow, max-snippet:-1, max-image-preview:large, max-video-preview:-1\" \/>\n<link rel=\"canonical\" href=\"https:\/\/delphinedion.com\/en\/produit\/naturalist-poster-species-of-mustelids-of-europe\/\" \/>\n<meta property=\"og:locale\" content=\"en_US\" \/>\n<meta property=\"og:type\" content=\"article\" \/>\n<meta property=\"og:title\" content=\"Naturalist Poster | Species of Mustelids of Europe - Delphine Dion\" \/>\n<meta property=\"og:description\" content=\"Naturalist poster ready to frame | Nature d\u00e9coration | 3 sizes available | Species of Mustelids of Europe\" \/>\n<meta property=\"og:url\" content=\"https:\/\/delphinedion.com\/en\/produit\/naturalist-poster-species-of-mustelids-of-europe\/\" \/>\n<meta property=\"og:site_name\" content=\"Delphine Dion\" \/>\n<meta property=\"article:modified_time\" content=\"2026-02-24T21:18:24+00:00\" \/>\n<meta property=\"og:image\" content=\"https:\/\/delphinedion.com\/wp-content\/uploads\/2025\/02\/affiche-naturaliste-mustelides-europe-FR-A4.jpg\" \/>\n\t<meta property=\"og:image:width\" content=\"1392\" \/>\n\t<meta property=\"og:image:height\" content=\"1000\" \/>\n\t<meta property=\"og:image:type\" content=\"image\/jpeg\" \/>\n<meta name=\"twitter:card\" content=\"summary_large_image\" \/>\n<meta name=\"twitter:label1\" content=\"Est. reading time\" \/>\n\t<meta name=\"twitter:data1\" content=\"1 minute\" \/>\n<script type=\"application\/ld+json\" class=\"yoast-schema-graph\">{\"@context\":\"https:\\\/\\\/schema.org\",\"@graph\":[{\"@type\":\"WebPage\",\"@id\":\"https:\\\/\\\/delphinedion.com\\\/en\\\/produit\\\/naturalist-poster-species-of-mustelids-of-europe\\\/\",\"url\":\"https:\\\/\\\/delphinedion.com\\\/en\\\/produit\\\/naturalist-poster-species-of-mustelids-of-europe\\\/\",\"name\":\"Naturalist Poster | Species of Mustelids of Europe - Delphine Dion\",\"isPartOf\":{\"@id\":\"https:\\\/\\\/delphinedion.com\\\/en\\\/#website\"},\"primaryImageOfPage\":{\"@id\":\"https:\\\/\\\/delphinedion.com\\\/en\\\/produit\\\/naturalist-poster-species-of-mustelids-of-europe\\\/#primaryimage\"},\"image\":{\"@id\":\"https:\\\/\\\/delphinedion.com\\\/en\\\/produit\\\/naturalist-poster-species-of-mustelids-of-europe\\\/#primaryimage\"},\"thumbnailUrl\":\"https:\\\/\\\/delphinedion.com\\\/wp-content\\\/uploads\\\/2025\\\/02\\\/affiche-naturaliste-mustelides-europe-FR-A4.jpg\",\"datePublished\":\"2025-02-19T10:50:22+00:00\",\"dateModified\":\"2026-02-24T21:18:24+00:00\",\"description\":\"Naturalist poster ready to frame | Nature d\u00e9coration | 3 sizes available | Species of Mustelids of Europe\",\"breadcrumb\":{\"@id\":\"https:\\\/\\\/delphinedion.com\\\/en\\\/produit\\\/naturalist-poster-species-of-mustelids-of-europe\\\/#breadcrumb\"},\"inLanguage\":\"en-US\",\"potentialAction\":[{\"@type\":\"ReadAction\",\"target\":[\"https:\\\/\\\/delphinedion.com\\\/en\\\/produit\\\/naturalist-poster-species-of-mustelids-of-europe\\\/\"]}]},{\"@type\":\"ImageObject\",\"inLanguage\":\"en-US\",\"@id\":\"https:\\\/\\\/delphinedion.com\\\/en\\\/produit\\\/naturalist-poster-species-of-mustelids-of-europe\\\/#primaryimage\",\"url\":\"https:\\\/\\\/delphinedion.com\\\/wp-content\\\/uploads\\\/2025\\\/02\\\/affiche-naturaliste-mustelides-europe-FR-A4.jpg\",\"contentUrl\":\"https:\\\/\\\/delphinedion.com\\\/wp-content\\\/uploads\\\/2025\\\/02\\\/affiche-naturaliste-mustelides-europe-FR-A4.jpg\",\"width\":1392,\"height\":1000,\"caption\":\"affiche naturaliste les must\u00e9lid\u00e9s d'europe\"},{\"@type\":\"BreadcrumbList\",\"@id\":\"https:\\\/\\\/delphinedion.com\\\/en\\\/produit\\\/naturalist-poster-species-of-mustelids-of-europe\\\/#breadcrumb\",\"itemListElement\":[{\"@type\":\"ListItem\",\"position\":1,\"name\":\"Accueil\",\"item\":\"https:\\\/\\\/delphinedion.com\\\/en\\\/\"},{\"@type\":\"ListItem\",\"position\":2,\"name\":\"Shop\",\"item\":\"https:\\\/\\\/delphinedion.com\\\/en\\\/shop\\\/\"},{\"@type\":\"ListItem\",\"position\":3,\"name\":\"Naturalist Poster | Species of Mustelids of Europe\"}]},{\"@type\":\"WebSite\",\"@id\":\"https:\\\/\\\/delphinedion.com\\\/en\\\/#website\",\"url\":\"https:\\\/\\\/delphinedion.com\\\/en\\\/\",\"name\":\"Delphine Dion\",\"description\":\"Nature &amp; Wildlife Artist\",\"publisher\":{\"@id\":\"https:\\\/\\\/delphinedion.com\\\/en\\\/#organization\"},\"potentialAction\":[{\"@type\":\"SearchAction\",\"target\":{\"@type\":\"EntryPoint\",\"urlTemplate\":\"https:\\\/\\\/delphinedion.com\\\/en\\\/?s={search_term_string}\"},\"query-input\":{\"@type\":\"PropertyValueSpecification\",\"valueRequired\":true,\"valueName\":\"search_term_string\"}}],\"inLanguage\":\"en-US\"},{\"@type\":\"Organization\",\"@id\":\"https:\\\/\\\/delphinedion.com\\\/en\\\/#organization\",\"name\":\"Delphine Dion\",\"url\":\"https:\\\/\\\/delphinedion.com\\\/en\\\/\",\"logo\":{\"@type\":\"ImageObject\",\"inLanguage\":\"en-US\",\"@id\":\"https:\\\/\\\/delphinedion.com\\\/en\\\/#\\\/schema\\\/logo\\\/image\\\/\",\"url\":\"https:\\\/\\\/delphinedion.com\\\/wp-content\\\/uploads\\\/2024\\\/06\\\/cropped-Illustration_sans_titre-1b-1.png\",\"contentUrl\":\"https:\\\/\\\/delphinedion.com\\\/wp-content\\\/uploads\\\/2024\\\/06\\\/cropped-Illustration_sans_titre-1b-1.png\",\"width\":512,\"height\":512,\"caption\":\"Delphine Dion\"},\"image\":{\"@id\":\"https:\\\/\\\/delphinedion.com\\\/en\\\/#\\\/schema\\\/logo\\\/image\\\/\"}}]}<\/script>\n<!-- \/ Yoast SEO plugin. -->","yoast_head_json":{"title":"Naturalist Poster | Species of Mustelids of Europe - Delphine Dion","description":"Naturalist poster ready to frame | Nature d\u00e9coration | 3 sizes available | Species of Mustelids of Europe","robots":{"index":"index","follow":"follow","max-snippet":"max-snippet:-1","max-image-preview":"max-image-preview:large","max-video-preview":"max-video-preview:-1"},"canonical":"https:\/\/delphinedion.com\/en\/produit\/naturalist-poster-species-of-mustelids-of-europe\/","og_locale":"en_US","og_type":"article","og_title":"Naturalist Poster | Species of Mustelids of Europe - Delphine Dion","og_description":"Naturalist poster ready to frame | Nature d\u00e9coration | 3 sizes available | Species of Mustelids of Europe","og_url":"https:\/\/delphinedion.com\/en\/produit\/naturalist-poster-species-of-mustelids-of-europe\/","og_site_name":"Delphine Dion","article_modified_time":"2026-02-24T21:18:24+00:00","og_image":[{"width":1392,"height":1000,"url":"https:\/\/delphinedion.com\/wp-content\/uploads\/2025\/02\/affiche-naturaliste-mustelides-europe-FR-A4.jpg","type":"image\/jpeg"}],"twitter_card":"summary_large_image","twitter_misc":{"Est. reading time":"1 minute"},"schema":{"@context":"https:\/\/schema.org","@graph":[{"@type":"WebPage","@id":"https:\/\/delphinedion.com\/en\/produit\/naturalist-poster-species-of-mustelids-of-europe\/","url":"https:\/\/delphinedion.com\/en\/produit\/naturalist-poster-species-of-mustelids-of-europe\/","name":"Naturalist Poster | Species of Mustelids of Europe - Delphine Dion","isPartOf":{"@id":"https:\/\/delphinedion.com\/en\/#website"},"primaryImageOfPage":{"@id":"https:\/\/delphinedion.com\/en\/produit\/naturalist-poster-species-of-mustelids-of-europe\/#primaryimage"},"image":{"@id":"https:\/\/delphinedion.com\/en\/produit\/naturalist-poster-species-of-mustelids-of-europe\/#primaryimage"},"thumbnailUrl":"https:\/\/delphinedion.com\/wp-content\/uploads\/2025\/02\/affiche-naturaliste-mustelides-europe-FR-A4.jpg","datePublished":"2025-02-19T10:50:22+00:00","dateModified":"2026-02-24T21:18:24+00:00","description":"Naturalist poster ready to frame | Nature d\u00e9coration | 3 sizes available | Species of Mustelids of Europe","breadcrumb":{"@id":"https:\/\/delphinedion.com\/en\/produit\/naturalist-poster-species-of-mustelids-of-europe\/#breadcrumb"},"inLanguage":"en-US","potentialAction":[{"@type":"ReadAction","target":["https:\/\/delphinedion.com\/en\/produit\/naturalist-poster-species-of-mustelids-of-europe\/"]}]},{"@type":"ImageObject","inLanguage":"en-US","@id":"https:\/\/delphinedion.com\/en\/produit\/naturalist-poster-species-of-mustelids-of-europe\/#primaryimage","url":"https:\/\/delphinedion.com\/wp-content\/uploads\/2025\/02\/affiche-naturaliste-mustelides-europe-FR-A4.jpg","contentUrl":"https:\/\/delphinedion.com\/wp-content\/uploads\/2025\/02\/affiche-naturaliste-mustelides-europe-FR-A4.jpg","width":1392,"height":1000,"caption":"affiche naturaliste les must\u00e9lid\u00e9s d'europe"},{"@type":"BreadcrumbList","@id":"https:\/\/delphinedion.com\/en\/produit\/naturalist-poster-species-of-mustelids-of-europe\/#breadcrumb","itemListElement":[{"@type":"ListItem","position":1,"name":"Accueil","item":"https:\/\/delphinedion.com\/en\/"},{"@type":"ListItem","position":2,"name":"Shop","item":"https:\/\/delphinedion.com\/en\/shop\/"},{"@type":"ListItem","position":3,"name":"Naturalist Poster | Species of Mustelids of Europe"}]},{"@type":"WebSite","@id":"https:\/\/delphinedion.com\/en\/#website","url":"https:\/\/delphinedion.com\/en\/","name":"Delphine Dion","description":"Nature &amp; Wildlife Artist","publisher":{"@id":"https:\/\/delphinedion.com\/en\/#organization"},"potentialAction":[{"@type":"SearchAction","target":{"@type":"EntryPoint","urlTemplate":"https:\/\/delphinedion.com\/en\/?s={search_term_string}"},"query-input":{"@type":"PropertyValueSpecification","valueRequired":true,"valueName":"search_term_string"}}],"inLanguage":"en-US"},{"@type":"Organization","@id":"https:\/\/delphinedion.com\/en\/#organization","name":"Delphine Dion","url":"https:\/\/delphinedion.com\/en\/","logo":{"@type":"ImageObject","inLanguage":"en-US","@id":"https:\/\/delphinedion.com\/en\/#\/schema\/logo\/image\/","url":"https:\/\/delphinedion.com\/wp-content\/uploads\/2024\/06\/cropped-Illustration_sans_titre-1b-1.png","contentUrl":"https:\/\/delphinedion.com\/wp-content\/uploads\/2024\/06\/cropped-Illustration_sans_titre-1b-1.png","width":512,"height":512,"caption":"Delphine Dion"},"image":{"@id":"https:\/\/delphinedion.com\/en\/#\/schema\/logo\/image\/"}}]}},"jetpack_sharing_enabled":true,"_links":{"self":[{"href":"https:\/\/delphinedion.com\/en\/wp-json\/wp\/v2\/product\/10411","targetHints":{"allow":["GET"]}}],"collection":[{"href":"https:\/\/delphinedion.com\/en\/wp-json\/wp\/v2\/product"}],"about":[{"href":"https:\/\/delphinedion.com\/en\/wp-json\/wp\/v2\/types\/product"}],"replies":[{"embeddable":true,"href":"https:\/\/delphinedion.com\/en\/wp-json\/wp\/v2\/comments?post=10411"}],"version-history":[{"count":2,"href":"https:\/\/delphinedion.com\/en\/wp-json\/wp\/v2\/product\/10411\/revisions"}],"predecessor-version":[{"id":10745,"href":"https:\/\/delphinedion.com\/en\/wp-json\/wp\/v2\/product\/10411\/revisions\/10745"}],"wp:featuredmedia":[{"embeddable":true,"href":"https:\/\/delphinedion.com\/en\/wp-json\/wp\/v2\/media\/10264"}],"wp:attachment":[{"href":"https:\/\/delphinedion.com\/en\/wp-json\/wp\/v2\/media?parent=10411"}],"wp:term":[{"taxonomy":"product_brand","embeddable":true,"href":"https:\/\/delphinedion.com\/en\/wp-json\/wp\/v2\/product_brand?post=10411"},{"taxonomy":"product_cat","embeddable":true,"href":"https:\/\/delphinedion.com\/en\/wp-json\/wp\/v2\/product_cat?post=10411"},{"taxonomy":"product_tag","embeddable":true,"href":"https:\/\/delphinedion.com\/en\/wp-json\/wp\/v2\/product_tag?post=10411"}],"curies":[{"name":"wp","href":"https:\/\/api.w.org\/{rel}","templated":true}]}}