{"id":10435,"date":"2025-02-20T11:53:50","date_gmt":"2025-02-20T10:53:50","guid":{"rendered":"https:\/\/delphinedion.com\/produit\/naturalist-poster-endemic-birds-of-reunion-island\/"},"modified":"2026-03-30T12:22:43","modified_gmt":"2026-03-30T10:22:43","slug":"naturalist-poster-endemic-birds-of-reunion-island","status":"publish","type":"product","link":"https:\/\/delphinedion.com\/en\/produit\/naturalist-poster-endemic-birds-of-reunion-island\/","title":{"rendered":"Naturalist Poster | Endemic Birds of R\u00e9union Island"},"content":{"rendered":"<p data-pm-slice=\"1 1 []\">Discover a naturalist poster showing the 11 endemic bird species of the R\u00e9union Island. I&#8217;ve created each watercolor illustration with great attention to detail and carefully assembled them to create an authentic and educational naturalist plate. <\/p>\n<p>This poster is perfect for lovers of the R\u00e9union Island, birdwatching enthusiasts, and admirers of naturalist art. Discover or rediscover the 11 birds that can only be seen on this island, with their scientific and french common names displayed at the bottom. <\/p>\n<p>Whether for decorating your living room or office, it will add an elegant and inspiring touch to your space.<\/p>\n<p>I recommend displaying them in a frame, protected by a glass or plexiglass cover.<\/p>\n<p><em><strong>Characteristics :<\/strong><\/em><\/p>\n<ul>\n<li style=\"list-style-type: none;\">\n<ul>\n<li><em>Sizes :<\/em> A5 (14,8 x 21 cm), A4 (21 x 29,7 cm), A3 (29,7 x 42 cm)<\/li>\n<li>High-quality printing on matte heavy paper (245 gsm) and slightly textured<\/li>\n<li><em>Plastic-free packaging :<\/em> the print is shipped flat in a cardboard envelope and protected in a glassine paper sleeve. Take care of our planet, recycle or reuse the packaging !<\/li>\n<li> <em>Shipping :<\/em> within 2-5 workings days. I print each print myself on demand, I need some time to prepare them ! Shipped with a tracking number<\/li>\n<\/ul>\n<\/li>\n<\/ul>\n<p><strong>Why should you choose this poster ?<\/strong><\/p>\n<ul data-spread=\"false\">\n<li>A unique artistic creation inspired by the beauty of the biodiversity of the R\u00e9union Island<\/li>\n<li>A perfect gift for nature lovers and amateurs of naturalist art<\/li>\n<li>A print made in small quantity in my studio, highlighting the beauty of handmade work<\/li>\n<\/ul>\n<p>Add this poster to your collection and enjoy the beauty of the Reunion Island&#8217;s endemic birds !<\/p>\n<p><strong style=\"font-size: 16px;\">Please note that colors can vary depending on the colorimetric configuration of your screen&#8217;s device.<\/strong><\/p>\n","protected":false},"excerpt":{"rendered":"<p data-pm-slice=\"1 1 []\">Enhance your space with this naturalist poster showing the 11 endemic bird species of the R\u00e9union Island. A unique creation, painted with watercolors and printed on demand on high-quality paper. <\/p>\n<p><b>Material : <\/b>Matte heavy paper, 245 g\/m\u00b2, slightly textured<br \/>\n<b>Sizes :<\/b> A5 (14,8 x 21 cm), A4 (21 x 29,7 cm), A3 (29,7 x 42 cm)<\/p>\n<p>Please choose the size you want from the dropdown list below.<\/p>\n<p>Printed in France by me.<\/p>\n","protected":false},"featured_media":10381,"comment_status":"open","ping_status":"closed","template":"","meta":{"om_disable_all_campaigns":false,"_monsterinsights_skip_tracking":false,"_monsterinsights_sitenote_active":false,"_monsterinsights_sitenote_note":"","_monsterinsights_sitenote_category":0,"_uf_show_specific_survey":0,"_uf_disable_surveys":false,"site-sidebar-layout":"default","site-content-layout":"","ast-site-content-layout":"default","site-content-style":"default","site-sidebar-style":"default","ast-global-header-display":"","ast-banner-title-visibility":"","ast-main-header-display":"","ast-hfb-above-header-display":"","ast-hfb-below-header-display":"","ast-hfb-mobile-header-display":"","site-post-title":"","ast-breadcrumbs-content":"","ast-featured-img":"","footer-sml-layout":"","ast-disable-related-posts":"","theme-transparent-header-meta":"default","adv-header-id-meta":"","stick-header-meta":"","header-above-stick-meta":"","header-main-stick-meta":"","header-below-stick-meta":"","astra-migrate-meta-layouts":"default","ast-page-background-enabled":"default","ast-page-background-meta":{"desktop":{"background-color":"var(--ast-global-color-4)","background-image":"","background-repeat":"repeat","background-position":"center center","background-size":"auto","background-attachment":"scroll","background-type":"","background-media":"","overlay-type":"","overlay-color":"","overlay-opacity":"","overlay-gradient":""},"tablet":{"background-color":"","background-image":"","background-repeat":"repeat","background-position":"center center","background-size":"auto","background-attachment":"scroll","background-type":"","background-media":"","overlay-type":"","overlay-color":"","overlay-opacity":"","overlay-gradient":""},"mobile":{"background-color":"","background-image":"","background-repeat":"repeat","background-position":"center center","background-size":"auto","background-attachment":"scroll","background-type":"","background-media":"","overlay-type":"","overlay-color":"","overlay-opacity":"","overlay-gradient":""}},"ast-content-background-meta":{"desktop":{"background-color":"var(--ast-global-color-5)","background-image":"","background-repeat":"repeat","background-position":"center center","background-size":"auto","background-attachment":"scroll","background-type":"","background-media":"","overlay-type":"","overlay-color":"","overlay-opacity":"","overlay-gradient":""},"tablet":{"background-color":"var(--ast-global-color-5)","background-image":"","background-repeat":"repeat","background-position":"center center","background-size":"auto","background-attachment":"scroll","background-type":"","background-media":"","overlay-type":"","overlay-color":"","overlay-opacity":"","overlay-gradient":""},"mobile":{"background-color":"var(--ast-global-color-5)","background-image":"","background-repeat":"repeat","background-position":"center center","background-size":"auto","background-attachment":"scroll","background-type":"","background-media":"","overlay-type":"","overlay-color":"","overlay-opacity":"","overlay-gradient":""}}},"product_brand":[],"product_cat":[34,264],"product_tag":[62,341,120],"class_list":{"0":"post-10435","1":"product","2":"type-product","3":"status-publish","4":"has-post-thumbnail","6":"product_cat-art-prints","7":"product_cat-naturalist-posters","8":"product_tag-birds","9":"product_tag-sea-birds","10":"product_tag-tropical-en","11":"desktop-align-left","12":"tablet-align-left","13":"mobile-align-left","15":"first","16":"instock","17":"purchasable","18":"product-type-variable"},"yoast_head":"<!-- This site is optimized with the Yoast SEO plugin v27.4 - https:\/\/yoast.com\/product\/yoast-seo-wordpress\/ -->\n<title>Naturalist Poster | Endemic Birds of R\u00e9union Island - Delphine Dion<\/title>\n<meta name=\"description\" content=\"Discover a unique naturalist poster of the endemic birds of the R\u00e9union Island, illustrated with watercolors and printed on beautiful matte paper. Available in A5, A4, and A3 sizes. Perfect for nature and birdwatching enthusiasts !\" \/>\n<meta name=\"robots\" content=\"index, follow, max-snippet:-1, max-image-preview:large, max-video-preview:-1\" \/>\n<link rel=\"canonical\" href=\"https:\/\/delphinedion.com\/en\/produit\/naturalist-poster-endemic-birds-of-reunion-island\/\" \/>\n<meta property=\"og:locale\" content=\"en_US\" \/>\n<meta property=\"og:type\" content=\"article\" \/>\n<meta property=\"og:title\" content=\"Naturalist Poster | Endemic Birds of R\u00e9union Island - Delphine Dion\" \/>\n<meta property=\"og:description\" content=\"Discover a unique naturalist poster of the endemic birds of the R\u00e9union Island, illustrated with watercolors and printed on beautiful matte paper. Available in A5, A4, and A3 sizes. Perfect for nature and birdwatching enthusiasts !\" \/>\n<meta property=\"og:url\" content=\"https:\/\/delphinedion.com\/en\/produit\/naturalist-poster-endemic-birds-of-reunion-island\/\" \/>\n<meta property=\"og:site_name\" content=\"Delphine Dion\" \/>\n<meta property=\"article:modified_time\" content=\"2026-03-30T10:22:43+00:00\" \/>\n<meta property=\"og:image\" content=\"https:\/\/delphinedion.com\/wp-content\/uploads\/2022\/04\/affiche-naturaliste-oiseaux-endemiques-reunion-A4.jpg\" \/>\n\t<meta property=\"og:image:width\" content=\"1392\" \/>\n\t<meta property=\"og:image:height\" content=\"1000\" \/>\n\t<meta property=\"og:image:type\" content=\"image\/jpeg\" \/>\n<meta name=\"twitter:card\" content=\"summary_large_image\" \/>\n<meta name=\"twitter:label1\" content=\"Est. reading time\" \/>\n\t<meta name=\"twitter:data1\" content=\"1 minute\" \/>\n<script type=\"application\/ld+json\" class=\"yoast-schema-graph\">{\"@context\":\"https:\\\/\\\/schema.org\",\"@graph\":[{\"@type\":\"WebPage\",\"@id\":\"https:\\\/\\\/delphinedion.com\\\/en\\\/produit\\\/naturalist-poster-endemic-birds-of-reunion-island\\\/\",\"url\":\"https:\\\/\\\/delphinedion.com\\\/en\\\/produit\\\/naturalist-poster-endemic-birds-of-reunion-island\\\/\",\"name\":\"Naturalist Poster | Endemic Birds of R\u00e9union Island - Delphine Dion\",\"isPartOf\":{\"@id\":\"https:\\\/\\\/delphinedion.com\\\/en\\\/#website\"},\"primaryImageOfPage\":{\"@id\":\"https:\\\/\\\/delphinedion.com\\\/en\\\/produit\\\/naturalist-poster-endemic-birds-of-reunion-island\\\/#primaryimage\"},\"image\":{\"@id\":\"https:\\\/\\\/delphinedion.com\\\/en\\\/produit\\\/naturalist-poster-endemic-birds-of-reunion-island\\\/#primaryimage\"},\"thumbnailUrl\":\"https:\\\/\\\/delphinedion.com\\\/wp-content\\\/uploads\\\/2022\\\/04\\\/affiche-naturaliste-oiseaux-endemiques-reunion-A4.jpg\",\"datePublished\":\"2025-02-20T10:53:50+00:00\",\"dateModified\":\"2026-03-30T10:22:43+00:00\",\"description\":\"Discover a unique naturalist poster of the endemic birds of the R\u00e9union Island, illustrated with watercolors and printed on beautiful matte paper. Available in A5, A4, and A3 sizes. Perfect for nature and birdwatching enthusiasts !\",\"breadcrumb\":{\"@id\":\"https:\\\/\\\/delphinedion.com\\\/en\\\/produit\\\/naturalist-poster-endemic-birds-of-reunion-island\\\/#breadcrumb\"},\"inLanguage\":\"en-US\",\"potentialAction\":[{\"@type\":\"ReadAction\",\"target\":[\"https:\\\/\\\/delphinedion.com\\\/en\\\/produit\\\/naturalist-poster-endemic-birds-of-reunion-island\\\/\"]}]},{\"@type\":\"ImageObject\",\"inLanguage\":\"en-US\",\"@id\":\"https:\\\/\\\/delphinedion.com\\\/en\\\/produit\\\/naturalist-poster-endemic-birds-of-reunion-island\\\/#primaryimage\",\"url\":\"https:\\\/\\\/delphinedion.com\\\/wp-content\\\/uploads\\\/2022\\\/04\\\/affiche-naturaliste-oiseaux-endemiques-reunion-A4.jpg\",\"contentUrl\":\"https:\\\/\\\/delphinedion.com\\\/wp-content\\\/uploads\\\/2022\\\/04\\\/affiche-naturaliste-oiseaux-endemiques-reunion-A4.jpg\",\"width\":1392,\"height\":1000,\"caption\":\"affiche naturaliste \u00e0 l'aquarelle les oiseaux end\u00e9miques de l'\u00eele de la R\u00e9union encadr\u00e9\"},{\"@type\":\"BreadcrumbList\",\"@id\":\"https:\\\/\\\/delphinedion.com\\\/en\\\/produit\\\/naturalist-poster-endemic-birds-of-reunion-island\\\/#breadcrumb\",\"itemListElement\":[{\"@type\":\"ListItem\",\"position\":1,\"name\":\"Accueil\",\"item\":\"https:\\\/\\\/delphinedion.com\\\/en\\\/\"},{\"@type\":\"ListItem\",\"position\":2,\"name\":\"Shop\",\"item\":\"https:\\\/\\\/delphinedion.com\\\/en\\\/shop\\\/\"},{\"@type\":\"ListItem\",\"position\":3,\"name\":\"Naturalist Poster | Endemic Birds of R\u00e9union Island\"}]},{\"@type\":\"WebSite\",\"@id\":\"https:\\\/\\\/delphinedion.com\\\/en\\\/#website\",\"url\":\"https:\\\/\\\/delphinedion.com\\\/en\\\/\",\"name\":\"Delphine Dion\",\"description\":\"Nature &amp; Wildlife Artist\",\"publisher\":{\"@id\":\"https:\\\/\\\/delphinedion.com\\\/en\\\/#organization\"},\"potentialAction\":[{\"@type\":\"SearchAction\",\"target\":{\"@type\":\"EntryPoint\",\"urlTemplate\":\"https:\\\/\\\/delphinedion.com\\\/en\\\/?s={search_term_string}\"},\"query-input\":{\"@type\":\"PropertyValueSpecification\",\"valueRequired\":true,\"valueName\":\"search_term_string\"}}],\"inLanguage\":\"en-US\"},{\"@type\":\"Organization\",\"@id\":\"https:\\\/\\\/delphinedion.com\\\/en\\\/#organization\",\"name\":\"Delphine Dion\",\"url\":\"https:\\\/\\\/delphinedion.com\\\/en\\\/\",\"logo\":{\"@type\":\"ImageObject\",\"inLanguage\":\"en-US\",\"@id\":\"https:\\\/\\\/delphinedion.com\\\/en\\\/#\\\/schema\\\/logo\\\/image\\\/\",\"url\":\"https:\\\/\\\/delphinedion.com\\\/wp-content\\\/uploads\\\/2024\\\/06\\\/cropped-Illustration_sans_titre-1b-1.png\",\"contentUrl\":\"https:\\\/\\\/delphinedion.com\\\/wp-content\\\/uploads\\\/2024\\\/06\\\/cropped-Illustration_sans_titre-1b-1.png\",\"width\":512,\"height\":512,\"caption\":\"Delphine Dion\"},\"image\":{\"@id\":\"https:\\\/\\\/delphinedion.com\\\/en\\\/#\\\/schema\\\/logo\\\/image\\\/\"}}]}<\/script>\n<!-- \/ Yoast SEO plugin. -->","yoast_head_json":{"title":"Naturalist Poster | Endemic Birds of R\u00e9union Island - Delphine Dion","description":"Discover a unique naturalist poster of the endemic birds of the R\u00e9union Island, illustrated with watercolors and printed on beautiful matte paper. Available in A5, A4, and A3 sizes. Perfect for nature and birdwatching enthusiasts !","robots":{"index":"index","follow":"follow","max-snippet":"max-snippet:-1","max-image-preview":"max-image-preview:large","max-video-preview":"max-video-preview:-1"},"canonical":"https:\/\/delphinedion.com\/en\/produit\/naturalist-poster-endemic-birds-of-reunion-island\/","og_locale":"en_US","og_type":"article","og_title":"Naturalist Poster | Endemic Birds of R\u00e9union Island - Delphine Dion","og_description":"Discover a unique naturalist poster of the endemic birds of the R\u00e9union Island, illustrated with watercolors and printed on beautiful matte paper. Available in A5, A4, and A3 sizes. Perfect for nature and birdwatching enthusiasts !","og_url":"https:\/\/delphinedion.com\/en\/produit\/naturalist-poster-endemic-birds-of-reunion-island\/","og_site_name":"Delphine Dion","article_modified_time":"2026-03-30T10:22:43+00:00","og_image":[{"width":1392,"height":1000,"url":"https:\/\/delphinedion.com\/wp-content\/uploads\/2022\/04\/affiche-naturaliste-oiseaux-endemiques-reunion-A4.jpg","type":"image\/jpeg"}],"twitter_card":"summary_large_image","twitter_misc":{"Est. reading time":"1 minute"},"schema":{"@context":"https:\/\/schema.org","@graph":[{"@type":"WebPage","@id":"https:\/\/delphinedion.com\/en\/produit\/naturalist-poster-endemic-birds-of-reunion-island\/","url":"https:\/\/delphinedion.com\/en\/produit\/naturalist-poster-endemic-birds-of-reunion-island\/","name":"Naturalist Poster | Endemic Birds of R\u00e9union Island - Delphine Dion","isPartOf":{"@id":"https:\/\/delphinedion.com\/en\/#website"},"primaryImageOfPage":{"@id":"https:\/\/delphinedion.com\/en\/produit\/naturalist-poster-endemic-birds-of-reunion-island\/#primaryimage"},"image":{"@id":"https:\/\/delphinedion.com\/en\/produit\/naturalist-poster-endemic-birds-of-reunion-island\/#primaryimage"},"thumbnailUrl":"https:\/\/delphinedion.com\/wp-content\/uploads\/2022\/04\/affiche-naturaliste-oiseaux-endemiques-reunion-A4.jpg","datePublished":"2025-02-20T10:53:50+00:00","dateModified":"2026-03-30T10:22:43+00:00","description":"Discover a unique naturalist poster of the endemic birds of the R\u00e9union Island, illustrated with watercolors and printed on beautiful matte paper. Available in A5, A4, and A3 sizes. Perfect for nature and birdwatching enthusiasts !","breadcrumb":{"@id":"https:\/\/delphinedion.com\/en\/produit\/naturalist-poster-endemic-birds-of-reunion-island\/#breadcrumb"},"inLanguage":"en-US","potentialAction":[{"@type":"ReadAction","target":["https:\/\/delphinedion.com\/en\/produit\/naturalist-poster-endemic-birds-of-reunion-island\/"]}]},{"@type":"ImageObject","inLanguage":"en-US","@id":"https:\/\/delphinedion.com\/en\/produit\/naturalist-poster-endemic-birds-of-reunion-island\/#primaryimage","url":"https:\/\/delphinedion.com\/wp-content\/uploads\/2022\/04\/affiche-naturaliste-oiseaux-endemiques-reunion-A4.jpg","contentUrl":"https:\/\/delphinedion.com\/wp-content\/uploads\/2022\/04\/affiche-naturaliste-oiseaux-endemiques-reunion-A4.jpg","width":1392,"height":1000,"caption":"affiche naturaliste \u00e0 l'aquarelle les oiseaux end\u00e9miques de l'\u00eele de la R\u00e9union encadr\u00e9"},{"@type":"BreadcrumbList","@id":"https:\/\/delphinedion.com\/en\/produit\/naturalist-poster-endemic-birds-of-reunion-island\/#breadcrumb","itemListElement":[{"@type":"ListItem","position":1,"name":"Accueil","item":"https:\/\/delphinedion.com\/en\/"},{"@type":"ListItem","position":2,"name":"Shop","item":"https:\/\/delphinedion.com\/en\/shop\/"},{"@type":"ListItem","position":3,"name":"Naturalist Poster | Endemic Birds of R\u00e9union Island"}]},{"@type":"WebSite","@id":"https:\/\/delphinedion.com\/en\/#website","url":"https:\/\/delphinedion.com\/en\/","name":"Delphine Dion","description":"Nature &amp; Wildlife Artist","publisher":{"@id":"https:\/\/delphinedion.com\/en\/#organization"},"potentialAction":[{"@type":"SearchAction","target":{"@type":"EntryPoint","urlTemplate":"https:\/\/delphinedion.com\/en\/?s={search_term_string}"},"query-input":{"@type":"PropertyValueSpecification","valueRequired":true,"valueName":"search_term_string"}}],"inLanguage":"en-US"},{"@type":"Organization","@id":"https:\/\/delphinedion.com\/en\/#organization","name":"Delphine Dion","url":"https:\/\/delphinedion.com\/en\/","logo":{"@type":"ImageObject","inLanguage":"en-US","@id":"https:\/\/delphinedion.com\/en\/#\/schema\/logo\/image\/","url":"https:\/\/delphinedion.com\/wp-content\/uploads\/2024\/06\/cropped-Illustration_sans_titre-1b-1.png","contentUrl":"https:\/\/delphinedion.com\/wp-content\/uploads\/2024\/06\/cropped-Illustration_sans_titre-1b-1.png","width":512,"height":512,"caption":"Delphine Dion"},"image":{"@id":"https:\/\/delphinedion.com\/en\/#\/schema\/logo\/image\/"}}]}},"jetpack_sharing_enabled":true,"_links":{"self":[{"href":"https:\/\/delphinedion.com\/en\/wp-json\/wp\/v2\/product\/10435","targetHints":{"allow":["GET"]}}],"collection":[{"href":"https:\/\/delphinedion.com\/en\/wp-json\/wp\/v2\/product"}],"about":[{"href":"https:\/\/delphinedion.com\/en\/wp-json\/wp\/v2\/types\/product"}],"replies":[{"embeddable":true,"href":"https:\/\/delphinedion.com\/en\/wp-json\/wp\/v2\/comments?post=10435"}],"version-history":[{"count":1,"href":"https:\/\/delphinedion.com\/en\/wp-json\/wp\/v2\/product\/10435\/revisions"}],"predecessor-version":[{"id":10439,"href":"https:\/\/delphinedion.com\/en\/wp-json\/wp\/v2\/product\/10435\/revisions\/10439"}],"wp:featuredmedia":[{"embeddable":true,"href":"https:\/\/delphinedion.com\/en\/wp-json\/wp\/v2\/media\/10381"}],"wp:attachment":[{"href":"https:\/\/delphinedion.com\/en\/wp-json\/wp\/v2\/media?parent=10435"}],"wp:term":[{"taxonomy":"product_brand","embeddable":true,"href":"https:\/\/delphinedion.com\/en\/wp-json\/wp\/v2\/product_brand?post=10435"},{"taxonomy":"product_cat","embeddable":true,"href":"https:\/\/delphinedion.com\/en\/wp-json\/wp\/v2\/product_cat?post=10435"},{"taxonomy":"product_tag","embeddable":true,"href":"https:\/\/delphinedion.com\/en\/wp-json\/wp\/v2\/product_tag?post=10435"}],"curies":[{"name":"wp","href":"https:\/\/api.w.org\/{rel}","templated":true}]}}