{"id":12477,"date":"2026-02-11T09:29:38","date_gmt":"2026-02-11T08:29:38","guid":{"rendered":"https:\/\/delphinedion.com\/?post_type=product&#038;p=12477"},"modified":"2026-02-11T09:29:38","modified_gmt":"2026-02-11T08:29:38","slug":"bookmark-watercolor-pattern-red-foxes-in-winter-copie","status":"publish","type":"product","link":"https:\/\/delphinedion.com\/en\/produit\/bookmark-watercolor-pattern-red-foxes-in-winter-copie\/","title":{"rendered":"Bookmark | Arctic Fox and Northen Lights"},"content":{"rendered":"<p>Unique bookmark, illustrated with a watercolor design of an Arctic Fox with a Northern Lights background.<\/p>\n<p><span style=\"font-weight: 400;\">It will highlight perfectly your reading session in winter, next to the fireplace. <\/span><\/p>\n<p><em><strong>D\u00e9tails du produit :<\/strong><\/em><br \/>\n\u2714\ufe0f Imprim\u00e9 \u00e0 partir d&#8217;un visuel original, imagin\u00e9 et cr\u00e9\u00e9 par moi-m\u00eame \u00e0 l&#8217;aquarelle (aucune IA utilis\u00e9e !)<br \/>\n\u2714\ufe0f Size of approx. 5,5 x 15 cm, <span style=\"font-weight: 400;\"> perfect for paperback books<\/span><br \/>\n\u2714\ufe0f Printed on a heavy, textured art paper, handcut with care<br \/>\n\u2714\ufe0f Neatly finished with a gold metal eyelet, a hemp string, and rounded corners<br \/>\n\u2714\ufe0f Plastic-free for the planet and biodiversity<br \/>\n\u2714\ufe0f   <span style=\"font-weight: 400;\">Shipped in a cardboard envelope and protected in a glassine paper sleeve, with a tracking number &#8211; plastic-free packaging<\/span><\/p>\n<p>\u26a0\ufe0f Please note that the colors of the bookmark may vary slightly from the pictures here, depending on the colorimetric configuration of your screen\u26a0\ufe0f<\/p>\n","protected":false},"excerpt":{"rendered":"<p data-pm-slice=\"1 1 []\">Add a touch of magic to your reading sessions with this bookmark, illustrated with a watercolor painting of an Arctic Fox with Northern Lights.<\/p>\n<p data-pm-slice=\"1 1 []\">Handmade and adorned with a golden metal eyelet and a hemp string, it will make a nice companion for your reading sessions.<\/p>\n<ul>\n<li>Bookmark suited for paperbacks and novels (5,5 x 15 cm), plastic free.<\/li>\n<li>Heavy and textured paper of 300 g\/m\u00b2 , rounded corners, metal eyelet and hemp thread.<\/li>\n<\/ul>\n","protected":false},"featured_media":12482,"comment_status":"open","ping_status":"closed","template":"","meta":{"om_disable_all_campaigns":false,"_monsterinsights_skip_tracking":false,"_monsterinsights_sitenote_active":false,"_monsterinsights_sitenote_note":"","_monsterinsights_sitenote_category":0,"_uf_show_specific_survey":0,"_uf_disable_surveys":false,"site-sidebar-layout":"default","site-content-layout":"","ast-site-content-layout":"default","site-content-style":"default","site-sidebar-style":"default","ast-global-header-display":"","ast-banner-title-visibility":"","ast-main-header-display":"","ast-hfb-above-header-display":"","ast-hfb-below-header-display":"","ast-hfb-mobile-header-display":"","site-post-title":"","ast-breadcrumbs-content":"","ast-featured-img":"","footer-sml-layout":"","ast-disable-related-posts":"","theme-transparent-header-meta":"default","adv-header-id-meta":"","stick-header-meta":"","header-above-stick-meta":"","header-main-stick-meta":"","header-below-stick-meta":"","astra-migrate-meta-layouts":"default","ast-page-background-enabled":"default","ast-page-background-meta":{"desktop":{"background-color":"var(--ast-global-color-4)","background-image":"","background-repeat":"repeat","background-position":"center center","background-size":"auto","background-attachment":"scroll","background-type":"","background-media":"","overlay-type":"","overlay-color":"","overlay-opacity":"","overlay-gradient":""},"tablet":{"background-color":"","background-image":"","background-repeat":"repeat","background-position":"center center","background-size":"auto","background-attachment":"scroll","background-type":"","background-media":"","overlay-type":"","overlay-color":"","overlay-opacity":"","overlay-gradient":""},"mobile":{"background-color":"","background-image":"","background-repeat":"repeat","background-position":"center center","background-size":"auto","background-attachment":"scroll","background-type":"","background-media":"","overlay-type":"","overlay-color":"","overlay-opacity":"","overlay-gradient":""}},"ast-content-background-meta":{"desktop":{"background-color":"var(--ast-global-color-5)","background-image":"","background-repeat":"repeat","background-position":"center center","background-size":"auto","background-attachment":"scroll","background-type":"","background-media":"","overlay-type":"","overlay-color":"","overlay-opacity":"","overlay-gradient":""},"tablet":{"background-color":"var(--ast-global-color-5)","background-image":"","background-repeat":"repeat","background-position":"center center","background-size":"auto","background-attachment":"scroll","background-type":"","background-media":"","overlay-type":"","overlay-color":"","overlay-opacity":"","overlay-gradient":""},"mobile":{"background-color":"var(--ast-global-color-5)","background-image":"","background-repeat":"repeat","background-position":"center center","background-size":"auto","background-attachment":"scroll","background-type":"","background-media":"","overlay-type":"","overlay-color":"","overlay-opacity":"","overlay-gradient":""}}},"product_brand":[],"product_cat":[347],"product_tag":[99,243],"class_list":{"0":"post-12477","1":"product","2":"type-product","3":"status-publish","4":"has-post-thumbnail","6":"product_cat-bookmarks","7":"product_tag-red-fox","8":"product_tag-winter","9":"desktop-align-left","10":"tablet-align-left","11":"mobile-align-left","13":"first","14":"instock","15":"purchasable","16":"product-type-simple"},"yoast_head":"<!-- This site is optimized with the Yoast SEO plugin v27.4 - https:\/\/yoast.com\/product\/yoast-seo-wordpress\/ -->\n<title>Bookmark | Arctic Fox and Northen Lights - Delphine Dion<\/title>\n<meta name=\"description\" content=\"Bookmark small size | Arctic Fox and Northern Lights | Handmade in France | A unique gift for a reader who loves Nature and foxes\" \/>\n<meta name=\"robots\" content=\"index, follow, max-snippet:-1, max-image-preview:large, max-video-preview:-1\" \/>\n<link rel=\"canonical\" href=\"https:\/\/delphinedion.com\/en\/produit\/bookmark-watercolor-pattern-red-foxes-in-winter-copie\/\" \/>\n<meta property=\"og:locale\" content=\"en_US\" \/>\n<meta property=\"og:type\" content=\"article\" \/>\n<meta property=\"og:title\" content=\"Bookmark | Arctic Fox and Northen Lights - Delphine Dion\" \/>\n<meta property=\"og:description\" content=\"Bookmark small size | Arctic Fox and Northern Lights | Handmade in France | A unique gift for a reader who loves Nature and foxes\" \/>\n<meta property=\"og:url\" content=\"https:\/\/delphinedion.com\/en\/produit\/bookmark-watercolor-pattern-red-foxes-in-winter-copie\/\" \/>\n<meta property=\"og:site_name\" content=\"Delphine Dion\" \/>\n<meta property=\"og:image\" content=\"https:\/\/delphinedion.com\/wp-content\/uploads\/2026\/02\/marque-page-renard-polaire-aurore-boreale.jpg\" \/>\n\t<meta property=\"og:image:width\" content=\"1392\" \/>\n\t<meta property=\"og:image:height\" content=\"1000\" \/>\n\t<meta property=\"og:image:type\" content=\"image\/jpeg\" \/>\n<meta name=\"twitter:card\" content=\"summary_large_image\" \/>\n<meta name=\"twitter:label1\" content=\"Est. reading time\" \/>\n\t<meta name=\"twitter:data1\" content=\"1 minute\" \/>\n<script type=\"application\/ld+json\" class=\"yoast-schema-graph\">{\"@context\":\"https:\\\/\\\/schema.org\",\"@graph\":[{\"@type\":\"WebPage\",\"@id\":\"https:\\\/\\\/delphinedion.com\\\/en\\\/produit\\\/bookmark-watercolor-pattern-red-foxes-in-winter-copie\\\/\",\"url\":\"https:\\\/\\\/delphinedion.com\\\/en\\\/produit\\\/bookmark-watercolor-pattern-red-foxes-in-winter-copie\\\/\",\"name\":\"Bookmark | Arctic Fox and Northen Lights - Delphine Dion\",\"isPartOf\":{\"@id\":\"https:\\\/\\\/delphinedion.com\\\/en\\\/#website\"},\"primaryImageOfPage\":{\"@id\":\"https:\\\/\\\/delphinedion.com\\\/en\\\/produit\\\/bookmark-watercolor-pattern-red-foxes-in-winter-copie\\\/#primaryimage\"},\"image\":{\"@id\":\"https:\\\/\\\/delphinedion.com\\\/en\\\/produit\\\/bookmark-watercolor-pattern-red-foxes-in-winter-copie\\\/#primaryimage\"},\"thumbnailUrl\":\"https:\\\/\\\/delphinedion.com\\\/wp-content\\\/uploads\\\/2026\\\/02\\\/marque-page-renard-polaire-aurore-boreale.jpg\",\"datePublished\":\"2026-02-11T08:29:38+00:00\",\"description\":\"Bookmark small size | Arctic Fox and Northern Lights | Handmade in France | A unique gift for a reader who loves Nature and foxes\",\"breadcrumb\":{\"@id\":\"https:\\\/\\\/delphinedion.com\\\/en\\\/produit\\\/bookmark-watercolor-pattern-red-foxes-in-winter-copie\\\/#breadcrumb\"},\"inLanguage\":\"en-US\",\"potentialAction\":[{\"@type\":\"ReadAction\",\"target\":[\"https:\\\/\\\/delphinedion.com\\\/en\\\/produit\\\/bookmark-watercolor-pattern-red-foxes-in-winter-copie\\\/\"]}]},{\"@type\":\"ImageObject\",\"inLanguage\":\"en-US\",\"@id\":\"https:\\\/\\\/delphinedion.com\\\/en\\\/produit\\\/bookmark-watercolor-pattern-red-foxes-in-winter-copie\\\/#primaryimage\",\"url\":\"https:\\\/\\\/delphinedion.com\\\/wp-content\\\/uploads\\\/2026\\\/02\\\/marque-page-renard-polaire-aurore-boreale.jpg\",\"contentUrl\":\"https:\\\/\\\/delphinedion.com\\\/wp-content\\\/uploads\\\/2026\\\/02\\\/marque-page-renard-polaire-aurore-boreale.jpg\",\"width\":1392,\"height\":1000,\"caption\":\"marque-page illustr\u00e9 renard polaire et aurore bor\u00e9ale\"},{\"@type\":\"BreadcrumbList\",\"@id\":\"https:\\\/\\\/delphinedion.com\\\/en\\\/produit\\\/bookmark-watercolor-pattern-red-foxes-in-winter-copie\\\/#breadcrumb\",\"itemListElement\":[{\"@type\":\"ListItem\",\"position\":1,\"name\":\"Accueil\",\"item\":\"https:\\\/\\\/delphinedion.com\\\/en\\\/\"},{\"@type\":\"ListItem\",\"position\":2,\"name\":\"Shop\",\"item\":\"https:\\\/\\\/delphinedion.com\\\/en\\\/shop\\\/\"},{\"@type\":\"ListItem\",\"position\":3,\"name\":\"Bookmark | Arctic Fox and Northen Lights\"}]},{\"@type\":\"WebSite\",\"@id\":\"https:\\\/\\\/delphinedion.com\\\/en\\\/#website\",\"url\":\"https:\\\/\\\/delphinedion.com\\\/en\\\/\",\"name\":\"Delphine Dion\",\"description\":\"Nature &amp; Wildlife Artist\",\"publisher\":{\"@id\":\"https:\\\/\\\/delphinedion.com\\\/en\\\/#organization\"},\"potentialAction\":[{\"@type\":\"SearchAction\",\"target\":{\"@type\":\"EntryPoint\",\"urlTemplate\":\"https:\\\/\\\/delphinedion.com\\\/en\\\/?s={search_term_string}\"},\"query-input\":{\"@type\":\"PropertyValueSpecification\",\"valueRequired\":true,\"valueName\":\"search_term_string\"}}],\"inLanguage\":\"en-US\"},{\"@type\":\"Organization\",\"@id\":\"https:\\\/\\\/delphinedion.com\\\/en\\\/#organization\",\"name\":\"Delphine Dion\",\"url\":\"https:\\\/\\\/delphinedion.com\\\/en\\\/\",\"logo\":{\"@type\":\"ImageObject\",\"inLanguage\":\"en-US\",\"@id\":\"https:\\\/\\\/delphinedion.com\\\/en\\\/#\\\/schema\\\/logo\\\/image\\\/\",\"url\":\"https:\\\/\\\/delphinedion.com\\\/wp-content\\\/uploads\\\/2024\\\/06\\\/cropped-Illustration_sans_titre-1b-1.png\",\"contentUrl\":\"https:\\\/\\\/delphinedion.com\\\/wp-content\\\/uploads\\\/2024\\\/06\\\/cropped-Illustration_sans_titre-1b-1.png\",\"width\":512,\"height\":512,\"caption\":\"Delphine Dion\"},\"image\":{\"@id\":\"https:\\\/\\\/delphinedion.com\\\/en\\\/#\\\/schema\\\/logo\\\/image\\\/\"}}]}<\/script>\n<!-- \/ Yoast SEO plugin. -->","yoast_head_json":{"title":"Bookmark | Arctic Fox and Northen Lights - Delphine Dion","description":"Bookmark small size | Arctic Fox and Northern Lights | Handmade in France | A unique gift for a reader who loves Nature and foxes","robots":{"index":"index","follow":"follow","max-snippet":"max-snippet:-1","max-image-preview":"max-image-preview:large","max-video-preview":"max-video-preview:-1"},"canonical":"https:\/\/delphinedion.com\/en\/produit\/bookmark-watercolor-pattern-red-foxes-in-winter-copie\/","og_locale":"en_US","og_type":"article","og_title":"Bookmark | Arctic Fox and Northen Lights - Delphine Dion","og_description":"Bookmark small size | Arctic Fox and Northern Lights | Handmade in France | A unique gift for a reader who loves Nature and foxes","og_url":"https:\/\/delphinedion.com\/en\/produit\/bookmark-watercolor-pattern-red-foxes-in-winter-copie\/","og_site_name":"Delphine Dion","og_image":[{"width":1392,"height":1000,"url":"https:\/\/delphinedion.com\/wp-content\/uploads\/2026\/02\/marque-page-renard-polaire-aurore-boreale.jpg","type":"image\/jpeg"}],"twitter_card":"summary_large_image","twitter_misc":{"Est. reading time":"1 minute"},"schema":{"@context":"https:\/\/schema.org","@graph":[{"@type":"WebPage","@id":"https:\/\/delphinedion.com\/en\/produit\/bookmark-watercolor-pattern-red-foxes-in-winter-copie\/","url":"https:\/\/delphinedion.com\/en\/produit\/bookmark-watercolor-pattern-red-foxes-in-winter-copie\/","name":"Bookmark | Arctic Fox and Northen Lights - Delphine Dion","isPartOf":{"@id":"https:\/\/delphinedion.com\/en\/#website"},"primaryImageOfPage":{"@id":"https:\/\/delphinedion.com\/en\/produit\/bookmark-watercolor-pattern-red-foxes-in-winter-copie\/#primaryimage"},"image":{"@id":"https:\/\/delphinedion.com\/en\/produit\/bookmark-watercolor-pattern-red-foxes-in-winter-copie\/#primaryimage"},"thumbnailUrl":"https:\/\/delphinedion.com\/wp-content\/uploads\/2026\/02\/marque-page-renard-polaire-aurore-boreale.jpg","datePublished":"2026-02-11T08:29:38+00:00","description":"Bookmark small size | Arctic Fox and Northern Lights | Handmade in France | A unique gift for a reader who loves Nature and foxes","breadcrumb":{"@id":"https:\/\/delphinedion.com\/en\/produit\/bookmark-watercolor-pattern-red-foxes-in-winter-copie\/#breadcrumb"},"inLanguage":"en-US","potentialAction":[{"@type":"ReadAction","target":["https:\/\/delphinedion.com\/en\/produit\/bookmark-watercolor-pattern-red-foxes-in-winter-copie\/"]}]},{"@type":"ImageObject","inLanguage":"en-US","@id":"https:\/\/delphinedion.com\/en\/produit\/bookmark-watercolor-pattern-red-foxes-in-winter-copie\/#primaryimage","url":"https:\/\/delphinedion.com\/wp-content\/uploads\/2026\/02\/marque-page-renard-polaire-aurore-boreale.jpg","contentUrl":"https:\/\/delphinedion.com\/wp-content\/uploads\/2026\/02\/marque-page-renard-polaire-aurore-boreale.jpg","width":1392,"height":1000,"caption":"marque-page illustr\u00e9 renard polaire et aurore bor\u00e9ale"},{"@type":"BreadcrumbList","@id":"https:\/\/delphinedion.com\/en\/produit\/bookmark-watercolor-pattern-red-foxes-in-winter-copie\/#breadcrumb","itemListElement":[{"@type":"ListItem","position":1,"name":"Accueil","item":"https:\/\/delphinedion.com\/en\/"},{"@type":"ListItem","position":2,"name":"Shop","item":"https:\/\/delphinedion.com\/en\/shop\/"},{"@type":"ListItem","position":3,"name":"Bookmark | Arctic Fox and Northen Lights"}]},{"@type":"WebSite","@id":"https:\/\/delphinedion.com\/en\/#website","url":"https:\/\/delphinedion.com\/en\/","name":"Delphine Dion","description":"Nature &amp; Wildlife Artist","publisher":{"@id":"https:\/\/delphinedion.com\/en\/#organization"},"potentialAction":[{"@type":"SearchAction","target":{"@type":"EntryPoint","urlTemplate":"https:\/\/delphinedion.com\/en\/?s={search_term_string}"},"query-input":{"@type":"PropertyValueSpecification","valueRequired":true,"valueName":"search_term_string"}}],"inLanguage":"en-US"},{"@type":"Organization","@id":"https:\/\/delphinedion.com\/en\/#organization","name":"Delphine Dion","url":"https:\/\/delphinedion.com\/en\/","logo":{"@type":"ImageObject","inLanguage":"en-US","@id":"https:\/\/delphinedion.com\/en\/#\/schema\/logo\/image\/","url":"https:\/\/delphinedion.com\/wp-content\/uploads\/2024\/06\/cropped-Illustration_sans_titre-1b-1.png","contentUrl":"https:\/\/delphinedion.com\/wp-content\/uploads\/2024\/06\/cropped-Illustration_sans_titre-1b-1.png","width":512,"height":512,"caption":"Delphine Dion"},"image":{"@id":"https:\/\/delphinedion.com\/en\/#\/schema\/logo\/image\/"}}]}},"jetpack_sharing_enabled":true,"_links":{"self":[{"href":"https:\/\/delphinedion.com\/en\/wp-json\/wp\/v2\/product\/12477","targetHints":{"allow":["GET"]}}],"collection":[{"href":"https:\/\/delphinedion.com\/en\/wp-json\/wp\/v2\/product"}],"about":[{"href":"https:\/\/delphinedion.com\/en\/wp-json\/wp\/v2\/types\/product"}],"replies":[{"embeddable":true,"href":"https:\/\/delphinedion.com\/en\/wp-json\/wp\/v2\/comments?post=12477"}],"version-history":[{"count":1,"href":"https:\/\/delphinedion.com\/en\/wp-json\/wp\/v2\/product\/12477\/revisions"}],"predecessor-version":[{"id":12490,"href":"https:\/\/delphinedion.com\/en\/wp-json\/wp\/v2\/product\/12477\/revisions\/12490"}],"wp:featuredmedia":[{"embeddable":true,"href":"https:\/\/delphinedion.com\/en\/wp-json\/wp\/v2\/media\/12482"}],"wp:attachment":[{"href":"https:\/\/delphinedion.com\/en\/wp-json\/wp\/v2\/media?parent=12477"}],"wp:term":[{"taxonomy":"product_brand","embeddable":true,"href":"https:\/\/delphinedion.com\/en\/wp-json\/wp\/v2\/product_brand?post=12477"},{"taxonomy":"product_cat","embeddable":true,"href":"https:\/\/delphinedion.com\/en\/wp-json\/wp\/v2\/product_cat?post=12477"},{"taxonomy":"product_tag","embeddable":true,"href":"https:\/\/delphinedion.com\/en\/wp-json\/wp\/v2\/product_tag?post=12477"}],"curies":[{"name":"wp","href":"https:\/\/api.w.org\/{rel}","templated":true}]}}