{"id":12748,"date":"2026-04-17T13:29:54","date_gmt":"2026-04-17T11:29:54","guid":{"rendered":"https:\/\/delphinedion.com\/?post_type=product&p=12748"},"modified":"2026-04-17T13:51:18","modified_gmt":"2026-04-17T11:51:18","slug":"bookmark-blackbird-and-cowslip","status":"publish","type":"product","link":"https:\/\/delphinedion.com\/en\/produit\/bookmark-blackbird-and-cowslip\/","title":{"rendered":"Bookmark | Blackbird and Cowslip"},"content":{"rendered":"<p>Discover this unique bookmark, illustrated with a watercolor painting of a Blackbird accompanied by cowslip flowers.<\/p>\n<p><span style=\"font-weight: 400;\">It\u2019s a perfect gift for a reader who loves nature and wildlife ! It will accompany your spring reading sessions, under the warm sunrays.<\/span><\/p>\n<p><em><strong>Product details :<\/strong><\/em><br \/>\n\u2714\ufe0f Printed from an illustration I painted with watercolors (no AI used !)<br \/>\n\u2714\ufe0f Size : about 5,5 x 15 cm<br \/>\n\u2714\ufe0f Printed on a heavy and slightly, handcut with care<br \/>\n\u2714\ufe0f Neatly finished with a gold metal eyelet, a hemp string, and rounded corners<br \/>\n\u2714\ufe0f Shipped with care, flat in a cardboard envelope and protected in a glassine paper sleeve, with a tracking number &#8211; plastic-free packaging<\/p>\n<p><em><strong>A handcrafted and eco-friendly creation<\/strong><\/em><br \/>\n\u2728 An original and handmade pattern<br \/>\n\u2728 A size suitable for paperback books<br \/>\n\u2728 An elegant, high-quality, thick and slightly textured paper, with rounded corners to prevent bent edges<br \/>\n\u2728 Plastic-free for the planet and biodiversity<\/p>\n<p><strong><b>\ud83d\udcd6<\/b> Bring a wild touch to your reading session<\/strong> <b>\ud83d\udcd6<\/b><\/p>\n<p>\u26a0\ufe0f Please note that the colors of the bookmark may vary slightly from the pictures here, depending on the colorimetric configuration of your screen\u26a0\ufe0f<\/p>\n","protected":false},"excerpt":{"rendered":"<p data-pm-slice=\"1 1 []\">Add a wild touch to your reading sessions with this bookmark, illustrated with a watercolor painting of a Blackbird with cowslip flowers.<\/p>\n<p data-pm-slice=\"1 1 []\">Handmade and adorned with a golden metal eyelet and a hemp string, it will make a nice companion for your reading sessions.<\/p>\n<ul>\n<li>Bookmark suited for paperbacks and novels (5,5 x 15 cm), plastic free.<\/li>\n<li>Heavy and textured paper of 300 g\/m\u00b2 , rounded corners, metal eyelet and hemp thread.<\/li>\n<\/ul>\n","protected":false},"featured_media":12746,"comment_status":"open","ping_status":"closed","template":"","meta":{"om_disable_all_campaigns":false,"_monsterinsights_skip_tracking":false,"_monsterinsights_sitenote_active":false,"_monsterinsights_sitenote_note":"","_monsterinsights_sitenote_category":0,"_uf_show_specific_survey":0,"_uf_disable_surveys":false,"site-sidebar-layout":"default","site-content-layout":"","ast-site-content-layout":"default","site-content-style":"default","site-sidebar-style":"default","ast-global-header-display":"","ast-banner-title-visibility":"","ast-main-header-display":"","ast-hfb-above-header-display":"","ast-hfb-below-header-display":"","ast-hfb-mobile-header-display":"","site-post-title":"","ast-breadcrumbs-content":"","ast-featured-img":"","footer-sml-layout":"","ast-disable-related-posts":"","theme-transparent-header-meta":"default","adv-header-id-meta":"","stick-header-meta":"","header-above-stick-meta":"","header-main-stick-meta":"","header-below-stick-meta":"","astra-migrate-meta-layouts":"default","ast-page-background-enabled":"default","ast-page-background-meta":{"desktop":{"background-color":"var(--ast-global-color-4)","background-image":"","background-repeat":"repeat","background-position":"center center","background-size":"auto","background-attachment":"scroll","background-type":"","background-media":"","overlay-type":"","overlay-color":"","overlay-opacity":"","overlay-gradient":""},"tablet":{"background-color":"","background-image":"","background-repeat":"repeat","background-position":"center center","background-size":"auto","background-attachment":"scroll","background-type":"","background-media":"","overlay-type":"","overlay-color":"","overlay-opacity":"","overlay-gradient":""},"mobile":{"background-color":"","background-image":"","background-repeat":"repeat","background-position":"center center","background-size":"auto","background-attachment":"scroll","background-type":"","background-media":"","overlay-type":"","overlay-color":"","overlay-opacity":"","overlay-gradient":""}},"ast-content-background-meta":{"desktop":{"background-color":"var(--ast-global-color-5)","background-image":"","background-repeat":"repeat","background-position":"center center","background-size":"auto","background-attachment":"scroll","background-type":"","background-media":"","overlay-type":"","overlay-color":"","overlay-opacity":"","overlay-gradient":""},"tablet":{"background-color":"var(--ast-global-color-5)","background-image":"","background-repeat":"repeat","background-position":"center center","background-size":"auto","background-attachment":"scroll","background-type":"","background-media":"","overlay-type":"","overlay-color":"","overlay-opacity":"","overlay-gradient":""},"mobile":{"background-color":"var(--ast-global-color-5)","background-image":"","background-repeat":"repeat","background-position":"center center","background-size":"auto","background-attachment":"scroll","background-type":"","background-media":"","overlay-type":"","overlay-color":"","overlay-opacity":"","overlay-gradient":""}}},"product_brand":[],"product_cat":[347],"product_tag":[353,444,351],"class_list":{"0":"post-12748","1":"product","2":"type-product","3":"status-publish","4":"has-post-thumbnail","6":"product_cat-bookmarks","7":"product_tag-fleurs-en","8":"product_tag-garden-birds","9":"product_tag-printemps-en","10":"desktop-align-left","11":"tablet-align-left","12":"mobile-align-left","14":"first","15":"instock","16":"purchasable","17":"product-type-simple"},"yoast_head":"<!-- This site is optimized with the Yoast SEO plugin v27.4 - https:\/\/yoast.com\/product\/yoast-seo-wordpress\/ -->\n<title>Bookmark | Blackbird and Cowslip - Delphine Dion<\/title>\n<meta name=\"description\" content=\"Bookmark small size | Blackbird and Cowslip | Handmade in France | A unique gift for a reader who loves spring\" \/>\n<meta name=\"robots\" content=\"index, follow, max-snippet:-1, max-image-preview:large, max-video-preview:-1\" \/>\n<link rel=\"canonical\" href=\"https:\/\/delphinedion.com\/en\/produit\/bookmark-blackbird-and-cowslip\/\" \/>\n<meta property=\"og:locale\" content=\"en_US\" \/>\n<meta property=\"og:type\" content=\"article\" \/>\n<meta property=\"og:title\" content=\"Bookmark | Blackbird and Cowslip - Delphine Dion\" \/>\n<meta property=\"og:description\" content=\"Bookmark small size | Blackbird and Cowslip | Handmade in France | A unique gift for a reader who loves spring\" \/>\n<meta property=\"og:url\" content=\"https:\/\/delphinedion.com\/en\/produit\/bookmark-blackbird-and-cowslip\/\" \/>\n<meta property=\"og:site_name\" content=\"Delphine Dion\" \/>\n<meta property=\"article:modified_time\" content=\"2026-04-17T11:51:18+00:00\" \/>\n<meta property=\"og:image\" content=\"https:\/\/delphinedion.com\/wp-content\/uploads\/2026\/04\/marque-page-illustre-aquarelle-merle-noir-primevere-recto-verso.jpg\" \/>\n\t<meta property=\"og:image:width\" content=\"1392\" \/>\n\t<meta property=\"og:image:height\" content=\"1000\" \/>\n\t<meta property=\"og:image:type\" content=\"image\/jpeg\" \/>\n<meta name=\"twitter:card\" content=\"summary_large_image\" \/>\n<meta name=\"twitter:label1\" content=\"Est. reading time\" \/>\n\t<meta name=\"twitter:data1\" content=\"1 minute\" \/>\n<script type=\"application\/ld+json\" class=\"yoast-schema-graph\">{\"@context\":\"https:\\\/\\\/schema.org\",\"@graph\":[{\"@type\":\"WebPage\",\"@id\":\"https:\\\/\\\/delphinedion.com\\\/en\\\/produit\\\/bookmark-blackbird-and-cowslip\\\/\",\"url\":\"https:\\\/\\\/delphinedion.com\\\/en\\\/produit\\\/bookmark-blackbird-and-cowslip\\\/\",\"name\":\"Bookmark | Blackbird and Cowslip - Delphine Dion\",\"isPartOf\":{\"@id\":\"https:\\\/\\\/delphinedion.com\\\/en\\\/#website\"},\"primaryImageOfPage\":{\"@id\":\"https:\\\/\\\/delphinedion.com\\\/en\\\/produit\\\/bookmark-blackbird-and-cowslip\\\/#primaryimage\"},\"image\":{\"@id\":\"https:\\\/\\\/delphinedion.com\\\/en\\\/produit\\\/bookmark-blackbird-and-cowslip\\\/#primaryimage\"},\"thumbnailUrl\":\"https:\\\/\\\/delphinedion.com\\\/wp-content\\\/uploads\\\/2026\\\/04\\\/marque-page-illustre-aquarelle-merle-noir-primevere-recto-verso.jpg\",\"datePublished\":\"2026-04-17T11:29:54+00:00\",\"dateModified\":\"2026-04-17T11:51:18+00:00\",\"description\":\"Bookmark small size | Blackbird and Cowslip | Handmade in France | A unique gift for a reader who loves spring\",\"breadcrumb\":{\"@id\":\"https:\\\/\\\/delphinedion.com\\\/en\\\/produit\\\/bookmark-blackbird-and-cowslip\\\/#breadcrumb\"},\"inLanguage\":\"en-US\",\"potentialAction\":[{\"@type\":\"ReadAction\",\"target\":[\"https:\\\/\\\/delphinedion.com\\\/en\\\/produit\\\/bookmark-blackbird-and-cowslip\\\/\"]}]},{\"@type\":\"ImageObject\",\"inLanguage\":\"en-US\",\"@id\":\"https:\\\/\\\/delphinedion.com\\\/en\\\/produit\\\/bookmark-blackbird-and-cowslip\\\/#primaryimage\",\"url\":\"https:\\\/\\\/delphinedion.com\\\/wp-content\\\/uploads\\\/2026\\\/04\\\/marque-page-illustre-aquarelle-merle-noir-primevere-recto-verso.jpg\",\"contentUrl\":\"https:\\\/\\\/delphinedion.com\\\/wp-content\\\/uploads\\\/2026\\\/04\\\/marque-page-illustre-aquarelle-merle-noir-primevere-recto-verso.jpg\",\"width\":1392,\"height\":1000,\"caption\":\"marque-page illustr\u00e9 \u00e0 l'aquarelle d'un merle noir avec des primev\u00e8res\"},{\"@type\":\"BreadcrumbList\",\"@id\":\"https:\\\/\\\/delphinedion.com\\\/en\\\/produit\\\/bookmark-blackbird-and-cowslip\\\/#breadcrumb\",\"itemListElement\":[{\"@type\":\"ListItem\",\"position\":1,\"name\":\"Accueil\",\"item\":\"https:\\\/\\\/delphinedion.com\\\/en\\\/\"},{\"@type\":\"ListItem\",\"position\":2,\"name\":\"Shop\",\"item\":\"https:\\\/\\\/delphinedion.com\\\/en\\\/shop\\\/\"},{\"@type\":\"ListItem\",\"position\":3,\"name\":\"Priv\u00e9\u00a0: Bookmark | Blackbird and Cowslip\"}]},{\"@type\":\"WebSite\",\"@id\":\"https:\\\/\\\/delphinedion.com\\\/en\\\/#website\",\"url\":\"https:\\\/\\\/delphinedion.com\\\/en\\\/\",\"name\":\"Delphine Dion\",\"description\":\"Nature &amp; Wildlife Artist\",\"publisher\":{\"@id\":\"https:\\\/\\\/delphinedion.com\\\/en\\\/#organization\"},\"potentialAction\":[{\"@type\":\"SearchAction\",\"target\":{\"@type\":\"EntryPoint\",\"urlTemplate\":\"https:\\\/\\\/delphinedion.com\\\/en\\\/?s={search_term_string}\"},\"query-input\":{\"@type\":\"PropertyValueSpecification\",\"valueRequired\":true,\"valueName\":\"search_term_string\"}}],\"inLanguage\":\"en-US\"},{\"@type\":\"Organization\",\"@id\":\"https:\\\/\\\/delphinedion.com\\\/en\\\/#organization\",\"name\":\"Delphine Dion\",\"url\":\"https:\\\/\\\/delphinedion.com\\\/en\\\/\",\"logo\":{\"@type\":\"ImageObject\",\"inLanguage\":\"en-US\",\"@id\":\"https:\\\/\\\/delphinedion.com\\\/en\\\/#\\\/schema\\\/logo\\\/image\\\/\",\"url\":\"https:\\\/\\\/delphinedion.com\\\/wp-content\\\/uploads\\\/2024\\\/06\\\/cropped-Illustration_sans_titre-1b-1.png\",\"contentUrl\":\"https:\\\/\\\/delphinedion.com\\\/wp-content\\\/uploads\\\/2024\\\/06\\\/cropped-Illustration_sans_titre-1b-1.png\",\"width\":512,\"height\":512,\"caption\":\"Delphine Dion\"},\"image\":{\"@id\":\"https:\\\/\\\/delphinedion.com\\\/en\\\/#\\\/schema\\\/logo\\\/image\\\/\"}}]}<\/script>\n<!-- \/ Yoast SEO plugin. -->","yoast_head_json":{"title":"Bookmark | Blackbird and Cowslip - Delphine Dion","description":"Bookmark small size | Blackbird and Cowslip | Handmade in France | A unique gift for a reader who loves spring","robots":{"index":"index","follow":"follow","max-snippet":"max-snippet:-1","max-image-preview":"max-image-preview:large","max-video-preview":"max-video-preview:-1"},"canonical":"https:\/\/delphinedion.com\/en\/produit\/bookmark-blackbird-and-cowslip\/","og_locale":"en_US","og_type":"article","og_title":"Bookmark | Blackbird and Cowslip - Delphine Dion","og_description":"Bookmark small size | Blackbird and Cowslip | Handmade in France | A unique gift for a reader who loves spring","og_url":"https:\/\/delphinedion.com\/en\/produit\/bookmark-blackbird-and-cowslip\/","og_site_name":"Delphine Dion","article_modified_time":"2026-04-17T11:51:18+00:00","og_image":[{"width":1392,"height":1000,"url":"https:\/\/delphinedion.com\/wp-content\/uploads\/2026\/04\/marque-page-illustre-aquarelle-merle-noir-primevere-recto-verso.jpg","type":"image\/jpeg"}],"twitter_card":"summary_large_image","twitter_misc":{"Est. reading time":"1 minute"},"schema":{"@context":"https:\/\/schema.org","@graph":[{"@type":"WebPage","@id":"https:\/\/delphinedion.com\/en\/produit\/bookmark-blackbird-and-cowslip\/","url":"https:\/\/delphinedion.com\/en\/produit\/bookmark-blackbird-and-cowslip\/","name":"Bookmark | Blackbird and Cowslip - Delphine Dion","isPartOf":{"@id":"https:\/\/delphinedion.com\/en\/#website"},"primaryImageOfPage":{"@id":"https:\/\/delphinedion.com\/en\/produit\/bookmark-blackbird-and-cowslip\/#primaryimage"},"image":{"@id":"https:\/\/delphinedion.com\/en\/produit\/bookmark-blackbird-and-cowslip\/#primaryimage"},"thumbnailUrl":"https:\/\/delphinedion.com\/wp-content\/uploads\/2026\/04\/marque-page-illustre-aquarelle-merle-noir-primevere-recto-verso.jpg","datePublished":"2026-04-17T11:29:54+00:00","dateModified":"2026-04-17T11:51:18+00:00","description":"Bookmark small size | Blackbird and Cowslip | Handmade in France | A unique gift for a reader who loves spring","breadcrumb":{"@id":"https:\/\/delphinedion.com\/en\/produit\/bookmark-blackbird-and-cowslip\/#breadcrumb"},"inLanguage":"en-US","potentialAction":[{"@type":"ReadAction","target":["https:\/\/delphinedion.com\/en\/produit\/bookmark-blackbird-and-cowslip\/"]}]},{"@type":"ImageObject","inLanguage":"en-US","@id":"https:\/\/delphinedion.com\/en\/produit\/bookmark-blackbird-and-cowslip\/#primaryimage","url":"https:\/\/delphinedion.com\/wp-content\/uploads\/2026\/04\/marque-page-illustre-aquarelle-merle-noir-primevere-recto-verso.jpg","contentUrl":"https:\/\/delphinedion.com\/wp-content\/uploads\/2026\/04\/marque-page-illustre-aquarelle-merle-noir-primevere-recto-verso.jpg","width":1392,"height":1000,"caption":"marque-page illustr\u00e9 \u00e0 l'aquarelle d'un merle noir avec des primev\u00e8res"},{"@type":"BreadcrumbList","@id":"https:\/\/delphinedion.com\/en\/produit\/bookmark-blackbird-and-cowslip\/#breadcrumb","itemListElement":[{"@type":"ListItem","position":1,"name":"Accueil","item":"https:\/\/delphinedion.com\/en\/"},{"@type":"ListItem","position":2,"name":"Shop","item":"https:\/\/delphinedion.com\/en\/shop\/"},{"@type":"ListItem","position":3,"name":"Priv\u00e9\u00a0: Bookmark | Blackbird and Cowslip"}]},{"@type":"WebSite","@id":"https:\/\/delphinedion.com\/en\/#website","url":"https:\/\/delphinedion.com\/en\/","name":"Delphine Dion","description":"Nature &amp; Wildlife Artist","publisher":{"@id":"https:\/\/delphinedion.com\/en\/#organization"},"potentialAction":[{"@type":"SearchAction","target":{"@type":"EntryPoint","urlTemplate":"https:\/\/delphinedion.com\/en\/?s={search_term_string}"},"query-input":{"@type":"PropertyValueSpecification","valueRequired":true,"valueName":"search_term_string"}}],"inLanguage":"en-US"},{"@type":"Organization","@id":"https:\/\/delphinedion.com\/en\/#organization","name":"Delphine Dion","url":"https:\/\/delphinedion.com\/en\/","logo":{"@type":"ImageObject","inLanguage":"en-US","@id":"https:\/\/delphinedion.com\/en\/#\/schema\/logo\/image\/","url":"https:\/\/delphinedion.com\/wp-content\/uploads\/2024\/06\/cropped-Illustration_sans_titre-1b-1.png","contentUrl":"https:\/\/delphinedion.com\/wp-content\/uploads\/2024\/06\/cropped-Illustration_sans_titre-1b-1.png","width":512,"height":512,"caption":"Delphine Dion"},"image":{"@id":"https:\/\/delphinedion.com\/en\/#\/schema\/logo\/image\/"}}]}},"jetpack_sharing_enabled":true,"_links":{"self":[{"href":"https:\/\/delphinedion.com\/en\/wp-json\/wp\/v2\/product\/12748","targetHints":{"allow":["GET"]}}],"collection":[{"href":"https:\/\/delphinedion.com\/en\/wp-json\/wp\/v2\/product"}],"about":[{"href":"https:\/\/delphinedion.com\/en\/wp-json\/wp\/v2\/types\/product"}],"replies":[{"embeddable":true,"href":"https:\/\/delphinedion.com\/en\/wp-json\/wp\/v2\/comments?post=12748"}],"version-history":[{"count":0,"href":"https:\/\/delphinedion.com\/en\/wp-json\/wp\/v2\/product\/12748\/revisions"}],"wp:featuredmedia":[{"embeddable":true,"href":"https:\/\/delphinedion.com\/en\/wp-json\/wp\/v2\/media\/12746"}],"wp:attachment":[{"href":"https:\/\/delphinedion.com\/en\/wp-json\/wp\/v2\/media?parent=12748"}],"wp:term":[{"taxonomy":"product_brand","embeddable":true,"href":"https:\/\/delphinedion.com\/en\/wp-json\/wp\/v2\/product_brand?post=12748"},{"taxonomy":"product_cat","embeddable":true,"href":"https:\/\/delphinedion.com\/en\/wp-json\/wp\/v2\/product_cat?post=12748"},{"taxonomy":"product_tag","embeddable":true,"href":"https:\/\/delphinedion.com\/en\/wp-json\/wp\/v2\/product_tag?post=12748"}],"curies":[{"name":"wp","href":"https:\/\/api.w.org\/{rel}","templated":true}]}}