{"id":3971,"date":"2022-09-01T12:03:40","date_gmt":"2022-09-01T10:03:40","guid":{"rendered":"https:\/\/delphinedion.com\/?post_type=product&#038;p=3971"},"modified":"2025-12-09T10:57:39","modified_gmt":"2025-12-09T09:57:39","slug":"livret-apprendre-dessiner-les-animaux-facilement","status":"publish","type":"product","link":"https:\/\/delphinedion.com\/en\/produit\/livret-apprendre-dessiner-les-animaux-facilement\/","title":{"rendered":"Livret &#8211; Apprendre \u00e0 dessiner les animaux"},"content":{"rendered":"<p>Livret &#8220;J&#8217;apprends \u00e0 dessiner les animaux facilement&#8221;<\/p>\n<p>Ce livret comprends 27 animaux \u00e0 dessiner, d\u00e9taill\u00e9s \u00e9tape par \u00e9tape. Chacune d&#8217;entre elle est accompagn\u00e9e d&#8217;un petit texte explicatif.<br \/>\nLes dessins sont class\u00e9s par niveau de difficult\u00e9, de d\u00e9butant \u00e0 expert. Le livret est principalement destin\u00e9 aux enfants (ou les grands enfants !) cr\u00e9atifs qui souhaitent apprendre \u00e0 dessiner les animaux dans un style tout \u00e0 la fois simple, mignon et r\u00e9aliste.<\/p>\n<p>Votre enfant pourra apprendre \u00e0 dessiner des animaux vari\u00e9s, allant de l&#8217;escargot \u00e0 la vache, en passant par la mouche et le chat, qui sont rarement pr\u00e9sent\u00e9s dans les livres de dessin destin\u00e9s aux enfants.<\/p>\n<p>Je r\u00e9alise moi-m\u00eame les livrets, de l&#8217;impression \u00e0 l&#8217;agrafage.<\/p>\n<p><em><strong>Caract\u00e9ristiques :<\/strong><\/em><\/p>\n<ul>\n<li><em>Format :<\/em> A5 &#8211; 14,8 x 10,5 cm<\/li>\n<li>27 animaux \u00e0 dessiner<\/li>\n<li>Couverture en papier \u00e9pais de 300 g\/m\u00b2, page en papier blanc 80 g\/m\u00b2<\/li>\n<li><em>Emballage sans plastique :<\/em> le livret est envoy\u00e9 dans une enveloppe cartonn\u00e9e et prot\u00e9g\u00e9 dans une pochette de papier cristal. Pensez \u00e0 la plan\u00e8te, recyclez ou r\u00e9utilisez les emballages !<\/li>\n<li><em>Exp\u00e9dition :<\/em> chaque livret est envoy\u00e9 en courrier suivi, \u00e0 plat dans une enveloppe cartonn\u00e9e. Il est prot\u00e9g\u00e9 dans une pochette en papier cristal afin d&#8217;\u00e9viter les probl\u00e8mes d&#8217;humidit\u00e9. Toutes les commandes, hors commandes personnalis\u00e9es, sont exp\u00e9di\u00e9es sous 2 \u00e0 10 jours. Je r\u00e9alise les livrets moi-m\u00eame, il me faut donc le temps de le fabriquer. Les commandes sont exp\u00e9di\u00e9es \u00e0 l&#8217;adresse indiqu\u00e9e lors de votre commande. Merci donc de v\u00e9rifier l&#8217;adresse avant de valider la commande.<\/li>\n<\/ul>\n<p><strong>Notez que les couleurs peuvent varier selon la configuration colorim\u00e9trique de votre appareil.<\/strong><\/p>\n<p>&nbsp;<\/p>\n","protected":false},"excerpt":{"rendered":"<p>Livret A5 (10,5 x 14,8 cm) &#8211; 27 animaux \u00e0 reproduire \u00e9tape par \u00e9tape avec textes explicatifs<\/p>\n<p>Couverture en papier \u00e9pais de 300 g\/m\u00b2<\/p>\n<p>Fait main en France<\/p>\n","protected":false},"featured_media":3973,"comment_status":"open","ping_status":"closed","template":"","meta":{"om_disable_all_campaigns":false,"_monsterinsights_skip_tracking":false,"_monsterinsights_sitenote_active":false,"_monsterinsights_sitenote_note":"","_monsterinsights_sitenote_category":0,"_uf_show_specific_survey":0,"_uf_disable_surveys":false,"site-sidebar-layout":"default","site-content-layout":"","ast-site-content-layout":"default","site-content-style":"default","site-sidebar-style":"default","ast-global-header-display":"","ast-banner-title-visibility":"","ast-main-header-display":"","ast-hfb-above-header-display":"","ast-hfb-below-header-display":"","ast-hfb-mobile-header-display":"","site-post-title":"","ast-breadcrumbs-content":"","ast-featured-img":"","footer-sml-layout":"","ast-disable-related-posts":"","theme-transparent-header-meta":"","adv-header-id-meta":"","stick-header-meta":"","header-above-stick-meta":"","header-main-stick-meta":"","header-below-stick-meta":"","astra-migrate-meta-layouts":"default","ast-page-background-enabled":"default","ast-page-background-meta":{"desktop":{"background-color":"var(--ast-global-color-4)","background-image":"","background-repeat":"repeat","background-position":"center center","background-size":"auto","background-attachment":"scroll","background-type":"","background-media":"","overlay-type":"","overlay-color":"","overlay-opacity":"","overlay-gradient":""},"tablet":{"background-color":"","background-image":"","background-repeat":"repeat","background-position":"center center","background-size":"auto","background-attachment":"scroll","background-type":"","background-media":"","overlay-type":"","overlay-color":"","overlay-opacity":"","overlay-gradient":""},"mobile":{"background-color":"","background-image":"","background-repeat":"repeat","background-position":"center center","background-size":"auto","background-attachment":"scroll","background-type":"","background-media":"","overlay-type":"","overlay-color":"","overlay-opacity":"","overlay-gradient":""}},"ast-content-background-meta":{"desktop":{"background-color":"var(--ast-global-color-5)","background-image":"","background-repeat":"repeat","background-position":"center center","background-size":"auto","background-attachment":"scroll","background-type":"","background-media":"","overlay-type":"","overlay-color":"","overlay-opacity":"","overlay-gradient":""},"tablet":{"background-color":"var(--ast-global-color-5)","background-image":"","background-repeat":"repeat","background-position":"center center","background-size":"auto","background-attachment":"scroll","background-type":"","background-media":"","overlay-type":"","overlay-color":"","overlay-opacity":"","overlay-gradient":""},"mobile":{"background-color":"var(--ast-global-color-5)","background-image":"","background-repeat":"repeat","background-position":"center center","background-size":"auto","background-attachment":"scroll","background-type":"","background-media":"","overlay-type":"","overlay-color":"","overlay-opacity":"","overlay-gradient":""}}},"product_brand":[],"product_cat":[108,450],"product_tag":[344,343,345,109],"class_list":{"0":"post-3971","1":"product","2":"type-product","3":"status-publish","4":"has-post-thumbnail","6":"product_cat-livrets","7":"product_cat-tutoriels","8":"product_tag-activite-creative","9":"product_tag-apprendre-a-dessiner","10":"product_tag-enfants","11":"product_tag-livret","12":"desktop-align-left","13":"tablet-align-left","14":"mobile-align-left","16":"first","17":"instock","18":"purchasable","19":"product-type-simple"},"yoast_head":"<!-- This site is optimized with the Yoast SEO plugin v27.4 - https:\/\/yoast.com\/product\/yoast-seo-wordpress\/ -->\n<title>Livret - Apprendre \u00e0 dessiner les animaux - Delphine Dion<\/title>\n<meta name=\"description\" content=\"Livret &quot;Apprendre \u00e0 dessiner les animaux facilement&quot; - 27 animaux \u00e0 reproduire \u00e9tape par \u00e9tape - Parfait pour les enfants cr\u00e9atifs ! - Fait main en France\" \/>\n<meta name=\"robots\" content=\"index, follow, max-snippet:-1, max-image-preview:large, max-video-preview:-1\" \/>\n<link rel=\"canonical\" href=\"https:\/\/delphinedion.com\/en\/produit\/livret-apprendre-dessiner-les-animaux-facilement\/\" \/>\n<meta property=\"og:locale\" content=\"en_US\" \/>\n<meta property=\"og:type\" content=\"article\" \/>\n<meta property=\"og:title\" content=\"Livret - Apprendre \u00e0 dessiner les animaux - Delphine Dion\" \/>\n<meta property=\"og:description\" content=\"Livret &quot;Apprendre \u00e0 dessiner les animaux facilement&quot; - 27 animaux \u00e0 reproduire \u00e9tape par \u00e9tape - Parfait pour les enfants cr\u00e9atifs ! - Fait main en France\" \/>\n<meta property=\"og:url\" content=\"https:\/\/delphinedion.com\/en\/produit\/livret-apprendre-dessiner-les-animaux-facilement\/\" \/>\n<meta property=\"og:site_name\" content=\"Delphine Dion\" \/>\n<meta property=\"article:modified_time\" content=\"2025-12-09T09:57:39+00:00\" \/>\n<meta property=\"og:image\" content=\"https:\/\/delphinedion.com\/wp-content\/uploads\/2022\/09\/Livret_Apprendre_dessiner_animaux.jpg\" \/>\n\t<meta property=\"og:image:width\" content=\"1391\" \/>\n\t<meta property=\"og:image:height\" content=\"1000\" \/>\n\t<meta property=\"og:image:type\" content=\"image\/jpeg\" \/>\n<meta name=\"twitter:card\" content=\"summary_large_image\" \/>\n<meta name=\"twitter:label1\" content=\"Est. reading time\" \/>\n\t<meta name=\"twitter:data1\" content=\"2 minutes\" \/>\n<script type=\"application\/ld+json\" class=\"yoast-schema-graph\">{\"@context\":\"https:\\\/\\\/schema.org\",\"@graph\":[{\"@type\":\"WebPage\",\"@id\":\"https:\\\/\\\/delphinedion.com\\\/en\\\/produit\\\/livret-apprendre-dessiner-les-animaux-facilement\\\/\",\"url\":\"https:\\\/\\\/delphinedion.com\\\/en\\\/produit\\\/livret-apprendre-dessiner-les-animaux-facilement\\\/\",\"name\":\"Livret - Apprendre \u00e0 dessiner les animaux - Delphine Dion\",\"isPartOf\":{\"@id\":\"https:\\\/\\\/delphinedion.com\\\/en\\\/#website\"},\"primaryImageOfPage\":{\"@id\":\"https:\\\/\\\/delphinedion.com\\\/en\\\/produit\\\/livret-apprendre-dessiner-les-animaux-facilement\\\/#primaryimage\"},\"image\":{\"@id\":\"https:\\\/\\\/delphinedion.com\\\/en\\\/produit\\\/livret-apprendre-dessiner-les-animaux-facilement\\\/#primaryimage\"},\"thumbnailUrl\":\"https:\\\/\\\/delphinedion.com\\\/wp-content\\\/uploads\\\/2022\\\/09\\\/Livret_Apprendre_dessiner_animaux.jpg\",\"datePublished\":\"2022-09-01T10:03:40+00:00\",\"dateModified\":\"2025-12-09T09:57:39+00:00\",\"description\":\"Livret \\\"Apprendre \u00e0 dessiner les animaux facilement\\\" - 27 animaux \u00e0 reproduire \u00e9tape par \u00e9tape - Parfait pour les enfants cr\u00e9atifs ! - Fait main en France\",\"breadcrumb\":{\"@id\":\"https:\\\/\\\/delphinedion.com\\\/en\\\/produit\\\/livret-apprendre-dessiner-les-animaux-facilement\\\/#breadcrumb\"},\"inLanguage\":\"en-US\",\"potentialAction\":[{\"@type\":\"ReadAction\",\"target\":[\"https:\\\/\\\/delphinedion.com\\\/en\\\/produit\\\/livret-apprendre-dessiner-les-animaux-facilement\\\/\"]}]},{\"@type\":\"ImageObject\",\"inLanguage\":\"en-US\",\"@id\":\"https:\\\/\\\/delphinedion.com\\\/en\\\/produit\\\/livret-apprendre-dessiner-les-animaux-facilement\\\/#primaryimage\",\"url\":\"https:\\\/\\\/delphinedion.com\\\/wp-content\\\/uploads\\\/2022\\\/09\\\/Livret_Apprendre_dessiner_animaux.jpg\",\"contentUrl\":\"https:\\\/\\\/delphinedion.com\\\/wp-content\\\/uploads\\\/2022\\\/09\\\/Livret_Apprendre_dessiner_animaux.jpg\",\"width\":1391,\"height\":1000,\"caption\":\"livret pour apprendre \u00e0 dessiner les animaux facilement \u00e9tape par \u00e9tape\"},{\"@type\":\"BreadcrumbList\",\"@id\":\"https:\\\/\\\/delphinedion.com\\\/en\\\/produit\\\/livret-apprendre-dessiner-les-animaux-facilement\\\/#breadcrumb\",\"itemListElement\":[{\"@type\":\"ListItem\",\"position\":1,\"name\":\"Accueil\",\"item\":\"https:\\\/\\\/delphinedion.com\\\/en\\\/\"},{\"@type\":\"ListItem\",\"position\":2,\"name\":\"Shop\",\"item\":\"https:\\\/\\\/delphinedion.com\\\/en\\\/shop\\\/\"},{\"@type\":\"ListItem\",\"position\":3,\"name\":\"Livret &#8211; Apprendre \u00e0 dessiner les animaux\"}]},{\"@type\":\"WebSite\",\"@id\":\"https:\\\/\\\/delphinedion.com\\\/en\\\/#website\",\"url\":\"https:\\\/\\\/delphinedion.com\\\/en\\\/\",\"name\":\"Delphine Dion\",\"description\":\"Nature &amp; Wildlife Artist\",\"publisher\":{\"@id\":\"https:\\\/\\\/delphinedion.com\\\/en\\\/#organization\"},\"potentialAction\":[{\"@type\":\"SearchAction\",\"target\":{\"@type\":\"EntryPoint\",\"urlTemplate\":\"https:\\\/\\\/delphinedion.com\\\/en\\\/?s={search_term_string}\"},\"query-input\":{\"@type\":\"PropertyValueSpecification\",\"valueRequired\":true,\"valueName\":\"search_term_string\"}}],\"inLanguage\":\"en-US\"},{\"@type\":\"Organization\",\"@id\":\"https:\\\/\\\/delphinedion.com\\\/en\\\/#organization\",\"name\":\"Delphine Dion\",\"url\":\"https:\\\/\\\/delphinedion.com\\\/en\\\/\",\"logo\":{\"@type\":\"ImageObject\",\"inLanguage\":\"en-US\",\"@id\":\"https:\\\/\\\/delphinedion.com\\\/en\\\/#\\\/schema\\\/logo\\\/image\\\/\",\"url\":\"https:\\\/\\\/delphinedion.com\\\/wp-content\\\/uploads\\\/2024\\\/06\\\/cropped-Illustration_sans_titre-1b-1.png\",\"contentUrl\":\"https:\\\/\\\/delphinedion.com\\\/wp-content\\\/uploads\\\/2024\\\/06\\\/cropped-Illustration_sans_titre-1b-1.png\",\"width\":512,\"height\":512,\"caption\":\"Delphine Dion\"},\"image\":{\"@id\":\"https:\\\/\\\/delphinedion.com\\\/en\\\/#\\\/schema\\\/logo\\\/image\\\/\"}}]}<\/script>\n<!-- \/ Yoast SEO plugin. -->","yoast_head_json":{"title":"Livret - Apprendre \u00e0 dessiner les animaux - Delphine Dion","description":"Livret \"Apprendre \u00e0 dessiner les animaux facilement\" - 27 animaux \u00e0 reproduire \u00e9tape par \u00e9tape - Parfait pour les enfants cr\u00e9atifs ! - Fait main en France","robots":{"index":"index","follow":"follow","max-snippet":"max-snippet:-1","max-image-preview":"max-image-preview:large","max-video-preview":"max-video-preview:-1"},"canonical":"https:\/\/delphinedion.com\/en\/produit\/livret-apprendre-dessiner-les-animaux-facilement\/","og_locale":"en_US","og_type":"article","og_title":"Livret - Apprendre \u00e0 dessiner les animaux - Delphine Dion","og_description":"Livret \"Apprendre \u00e0 dessiner les animaux facilement\" - 27 animaux \u00e0 reproduire \u00e9tape par \u00e9tape - Parfait pour les enfants cr\u00e9atifs ! - Fait main en France","og_url":"https:\/\/delphinedion.com\/en\/produit\/livret-apprendre-dessiner-les-animaux-facilement\/","og_site_name":"Delphine Dion","article_modified_time":"2025-12-09T09:57:39+00:00","og_image":[{"width":1391,"height":1000,"url":"https:\/\/delphinedion.com\/wp-content\/uploads\/2022\/09\/Livret_Apprendre_dessiner_animaux.jpg","type":"image\/jpeg"}],"twitter_card":"summary_large_image","twitter_misc":{"Est. reading time":"2 minutes"},"schema":{"@context":"https:\/\/schema.org","@graph":[{"@type":"WebPage","@id":"https:\/\/delphinedion.com\/en\/produit\/livret-apprendre-dessiner-les-animaux-facilement\/","url":"https:\/\/delphinedion.com\/en\/produit\/livret-apprendre-dessiner-les-animaux-facilement\/","name":"Livret - Apprendre \u00e0 dessiner les animaux - Delphine Dion","isPartOf":{"@id":"https:\/\/delphinedion.com\/en\/#website"},"primaryImageOfPage":{"@id":"https:\/\/delphinedion.com\/en\/produit\/livret-apprendre-dessiner-les-animaux-facilement\/#primaryimage"},"image":{"@id":"https:\/\/delphinedion.com\/en\/produit\/livret-apprendre-dessiner-les-animaux-facilement\/#primaryimage"},"thumbnailUrl":"https:\/\/delphinedion.com\/wp-content\/uploads\/2022\/09\/Livret_Apprendre_dessiner_animaux.jpg","datePublished":"2022-09-01T10:03:40+00:00","dateModified":"2025-12-09T09:57:39+00:00","description":"Livret \"Apprendre \u00e0 dessiner les animaux facilement\" - 27 animaux \u00e0 reproduire \u00e9tape par \u00e9tape - Parfait pour les enfants cr\u00e9atifs ! - Fait main en France","breadcrumb":{"@id":"https:\/\/delphinedion.com\/en\/produit\/livret-apprendre-dessiner-les-animaux-facilement\/#breadcrumb"},"inLanguage":"en-US","potentialAction":[{"@type":"ReadAction","target":["https:\/\/delphinedion.com\/en\/produit\/livret-apprendre-dessiner-les-animaux-facilement\/"]}]},{"@type":"ImageObject","inLanguage":"en-US","@id":"https:\/\/delphinedion.com\/en\/produit\/livret-apprendre-dessiner-les-animaux-facilement\/#primaryimage","url":"https:\/\/delphinedion.com\/wp-content\/uploads\/2022\/09\/Livret_Apprendre_dessiner_animaux.jpg","contentUrl":"https:\/\/delphinedion.com\/wp-content\/uploads\/2022\/09\/Livret_Apprendre_dessiner_animaux.jpg","width":1391,"height":1000,"caption":"livret pour apprendre \u00e0 dessiner les animaux facilement \u00e9tape par \u00e9tape"},{"@type":"BreadcrumbList","@id":"https:\/\/delphinedion.com\/en\/produit\/livret-apprendre-dessiner-les-animaux-facilement\/#breadcrumb","itemListElement":[{"@type":"ListItem","position":1,"name":"Accueil","item":"https:\/\/delphinedion.com\/en\/"},{"@type":"ListItem","position":2,"name":"Shop","item":"https:\/\/delphinedion.com\/en\/shop\/"},{"@type":"ListItem","position":3,"name":"Livret &#8211; Apprendre \u00e0 dessiner les animaux"}]},{"@type":"WebSite","@id":"https:\/\/delphinedion.com\/en\/#website","url":"https:\/\/delphinedion.com\/en\/","name":"Delphine Dion","description":"Nature &amp; Wildlife Artist","publisher":{"@id":"https:\/\/delphinedion.com\/en\/#organization"},"potentialAction":[{"@type":"SearchAction","target":{"@type":"EntryPoint","urlTemplate":"https:\/\/delphinedion.com\/en\/?s={search_term_string}"},"query-input":{"@type":"PropertyValueSpecification","valueRequired":true,"valueName":"search_term_string"}}],"inLanguage":"en-US"},{"@type":"Organization","@id":"https:\/\/delphinedion.com\/en\/#organization","name":"Delphine Dion","url":"https:\/\/delphinedion.com\/en\/","logo":{"@type":"ImageObject","inLanguage":"en-US","@id":"https:\/\/delphinedion.com\/en\/#\/schema\/logo\/image\/","url":"https:\/\/delphinedion.com\/wp-content\/uploads\/2024\/06\/cropped-Illustration_sans_titre-1b-1.png","contentUrl":"https:\/\/delphinedion.com\/wp-content\/uploads\/2024\/06\/cropped-Illustration_sans_titre-1b-1.png","width":512,"height":512,"caption":"Delphine Dion"},"image":{"@id":"https:\/\/delphinedion.com\/en\/#\/schema\/logo\/image\/"}}]}},"jetpack_sharing_enabled":true,"_links":{"self":[{"href":"https:\/\/delphinedion.com\/en\/wp-json\/wp\/v2\/product\/3971","targetHints":{"allow":["GET"]}}],"collection":[{"href":"https:\/\/delphinedion.com\/en\/wp-json\/wp\/v2\/product"}],"about":[{"href":"https:\/\/delphinedion.com\/en\/wp-json\/wp\/v2\/types\/product"}],"replies":[{"embeddable":true,"href":"https:\/\/delphinedion.com\/en\/wp-json\/wp\/v2\/comments?post=3971"}],"version-history":[{"count":1,"href":"https:\/\/delphinedion.com\/en\/wp-json\/wp\/v2\/product\/3971\/revisions"}],"predecessor-version":[{"id":3987,"href":"https:\/\/delphinedion.com\/en\/wp-json\/wp\/v2\/product\/3971\/revisions\/3987"}],"wp:featuredmedia":[{"embeddable":true,"href":"https:\/\/delphinedion.com\/en\/wp-json\/wp\/v2\/media\/3973"}],"wp:attachment":[{"href":"https:\/\/delphinedion.com\/en\/wp-json\/wp\/v2\/media?parent=3971"}],"wp:term":[{"taxonomy":"product_brand","embeddable":true,"href":"https:\/\/delphinedion.com\/en\/wp-json\/wp\/v2\/product_brand?post=3971"},{"taxonomy":"product_cat","embeddable":true,"href":"https:\/\/delphinedion.com\/en\/wp-json\/wp\/v2\/product_cat?post=3971"},{"taxonomy":"product_tag","embeddable":true,"href":"https:\/\/delphinedion.com\/en\/wp-json\/wp\/v2\/product_tag?post=3971"}],"curies":[{"name":"wp","href":"https:\/\/api.w.org\/{rel}","templated":true}]}}