{"id":4083,"date":"2022-09-08T20:19:51","date_gmt":"2022-09-08T18:19:51","guid":{"rendered":"https:\/\/delphinedion.com\/produit\/watercolor-art-print-bunny-and-4-leaf-clover\/"},"modified":"2024-01-08T16:12:39","modified_gmt":"2024-01-08T15:12:39","slug":"watercolor-art-print-bunny-and-4-leaf-clover-2","status":"publish","type":"product","link":"https:\/\/delphinedion.com\/en\/produit\/watercolor-art-print-bunny-and-4-leaf-clover-2\/","title":{"rendered":"Watercolor art print &#8211; Bunny and 4-leaf clover"},"content":{"rendered":"<h2><span style=\"font-weight: 400;\">Art print of my watercolor illustration. <\/span><\/h2>\n<p><span style=\"font-weight: 400;\">A pretty and colorful illustration to frame and display on your walls. Add this watercolor art print to your collection and display it on your walls, or gift it to a close-one to share some sweetness thanks to this small bunnys sitting among good-luck clovers. It will be perfect for a children bedroom, or your living room or your office, to bring hope and innocence in your home ! <\/span><\/p>\n<p>Available in A5 (15 x 21 cm), fitting in any space.<\/p>\n<p><strong>The heritage of Peter Rabbit <\/strong><\/p>\n<p>I was inspired of the universe of the British illustrator and naturalist Beatrix Potter and her famous Peter Rabbit, who accompanied many children around the world.<\/p>\n<p>This little bunny will wish your luck each time you will lay eyes on him !<\/p>\n<p><em><strong>Characteristics :<\/strong><\/em><\/p>\n<ul>\n<li><em>Size :<\/em> A5 (15 x 21 cm)<\/li>\n<li>Printed on fine archival art paper (non-yellowig with time), close to a watercolor paper texture<\/li>\n<li>Heavy paper of 245 g\/m\u00b2<\/li>\n<li><em>Plastic-free packaging :<\/em> the print is shipped flat in a cardboard envelope and protected in a cristal paper sleeve. Take care of our planete, recycle or reuse the packaging !<\/li>\n<li> <em>Shipping :<\/em> within 2-5 workings days. Sent with a tracking number.<\/li>\n<\/ul>\n<p>I print myself each print on demand, which garantee a close attention to details and colors.<\/p>\n<p><i><span style=\"font-weight: 400;\">Each order supports my small business directly, and allows me to create more new illustrations ! <\/span><\/i><\/p>\n<p><strong>Please note that colors can vary depending on the colorimetric configuration of your screen&#8217;s device.<\/strong><\/p>\n<p>Find this illustration as a greeting card here :<\/p>\n<p><a href=\"https:\/\/delphinedion.com\/produit\/carte-double-a6-lapin-et-trefle-a-4-feuilles\/\">Carte double A6 &#8211; Lapin et tr\u00e8fle \u00e0 4 feuilles &#8211; Delphine Dion<\/a><\/p>\n","protected":false},"excerpt":{"rendered":"<p>Print of my watercolor illustration of a bunny holding a 4-leaf clover<\/p>\n<p>Printed by myself on demand, on a heavy and textured paper, with Chromalife 100+ inks, guaranteeing the vibrant colors for many years.<\/p>\n<p>Not framed.<\/p>\n<p>Size : A5 (15 x 21 cm)<\/p>\n","protected":false},"featured_media":7278,"comment_status":"open","ping_status":"closed","template":"","meta":{"om_disable_all_campaigns":false,"_monsterinsights_skip_tracking":false,"_monsterinsights_sitenote_active":false,"_monsterinsights_sitenote_note":"","_monsterinsights_sitenote_category":0,"_uf_show_specific_survey":0,"_uf_disable_surveys":false,"site-sidebar-layout":"default","site-content-layout":"","ast-site-content-layout":"default","site-content-style":"default","site-sidebar-style":"default","ast-global-header-display":"","ast-banner-title-visibility":"","ast-main-header-display":"","ast-hfb-above-header-display":"","ast-hfb-below-header-display":"","ast-hfb-mobile-header-display":"","site-post-title":"","ast-breadcrumbs-content":"","ast-featured-img":"","footer-sml-layout":"","ast-disable-related-posts":"","theme-transparent-header-meta":"default","adv-header-id-meta":"","stick-header-meta":"","header-above-stick-meta":"","header-main-stick-meta":"","header-below-stick-meta":"","astra-migrate-meta-layouts":"default","ast-page-background-enabled":"default","ast-page-background-meta":{"desktop":{"background-color":"var(--ast-global-color-4)","background-image":"","background-repeat":"repeat","background-position":"center center","background-size":"auto","background-attachment":"scroll","background-type":"","background-media":"","overlay-type":"","overlay-color":"","overlay-opacity":"","overlay-gradient":""},"tablet":{"background-color":"","background-image":"","background-repeat":"repeat","background-position":"center center","background-size":"auto","background-attachment":"scroll","background-type":"","background-media":"","overlay-type":"","overlay-color":"","overlay-opacity":"","overlay-gradient":""},"mobile":{"background-color":"","background-image":"","background-repeat":"repeat","background-position":"center center","background-size":"auto","background-attachment":"scroll","background-type":"","background-media":"","overlay-type":"","overlay-color":"","overlay-opacity":"","overlay-gradient":""}},"ast-content-background-meta":{"desktop":{"background-color":"var(--ast-global-color-5)","background-image":"","background-repeat":"repeat","background-position":"center center","background-size":"auto","background-attachment":"scroll","background-type":"","background-media":"","overlay-type":"","overlay-color":"","overlay-opacity":"","overlay-gradient":""},"tablet":{"background-color":"var(--ast-global-color-5)","background-image":"","background-repeat":"repeat","background-position":"center center","background-size":"auto","background-attachment":"scroll","background-type":"","background-media":"","overlay-type":"","overlay-color":"","overlay-opacity":"","overlay-gradient":""},"mobile":{"background-color":"var(--ast-global-color-5)","background-image":"","background-repeat":"repeat","background-position":"center center","background-size":"auto","background-attachment":"scroll","background-type":"","background-media":"","overlay-type":"","overlay-color":"","overlay-opacity":"","overlay-gradient":""}}},"product_brand":[],"product_cat":[34],"product_tag":[350,353,349,351,352],"class_list":{"0":"post-4083","1":"product","2":"type-product","3":"status-publish","4":"has-post-thumbnail","6":"product_cat-art-prints","7":"product_tag-ete-en","8":"product_tag-fleurs-en","9":"product_tag-lapin-en","10":"product_tag-printemps-en","11":"product_tag-reproduction-en","12":"desktop-align-left","13":"tablet-align-left","14":"mobile-align-left","16":"first","17":"instock","18":"purchasable","19":"product-type-variable"},"yoast_head":"<!-- This site is optimized with the Yoast SEO plugin v27.4 - https:\/\/yoast.com\/product\/yoast-seo-wordpress\/ -->\n<title>Watercolor art print - Bunny and 4-leaf clover - Delphine Dion<\/title>\n<meta name=\"description\" content=\"Watercolor art print ready to frame, medium size | Children bedroom wall art, nature and cute animal | Bunny and 4-leaf clover\" \/>\n<meta name=\"robots\" content=\"index, follow, max-snippet:-1, max-image-preview:large, max-video-preview:-1\" \/>\n<link rel=\"canonical\" href=\"https:\/\/delphinedion.com\/en\/produit\/watercolor-art-print-bunny-and-4-leaf-clover-2\/\" \/>\n<meta property=\"og:locale\" content=\"en_US\" \/>\n<meta property=\"og:type\" content=\"article\" \/>\n<meta property=\"og:title\" content=\"Watercolor art print - Bunny and 4-leaf clover - Delphine Dion\" \/>\n<meta property=\"og:description\" content=\"Watercolor art print ready to frame, medium size | Children bedroom wall art, nature and cute animal | Bunny and 4-leaf clover\" \/>\n<meta property=\"og:url\" content=\"https:\/\/delphinedion.com\/en\/produit\/watercolor-art-print-bunny-and-4-leaf-clover-2\/\" \/>\n<meta property=\"og:site_name\" content=\"Delphine Dion\" \/>\n<meta property=\"article:modified_time\" content=\"2024-01-08T15:12:39+00:00\" \/>\n<meta property=\"og:image\" content=\"https:\/\/delphinedion.com\/wp-content\/uploads\/2022\/09\/illustration-aquarelle-lapin-trefle-quatre-feuilles-3.jpg\" \/>\n\t<meta property=\"og:image:width\" content=\"2500\" \/>\n\t<meta property=\"og:image:height\" content=\"2000\" \/>\n\t<meta property=\"og:image:type\" content=\"image\/jpeg\" \/>\n<meta name=\"twitter:card\" content=\"summary_large_image\" \/>\n<meta name=\"twitter:label1\" content=\"Est. reading time\" \/>\n\t<meta name=\"twitter:data1\" content=\"1 minute\" \/>\n<script type=\"application\/ld+json\" class=\"yoast-schema-graph\">{\"@context\":\"https:\\\/\\\/schema.org\",\"@graph\":[{\"@type\":\"WebPage\",\"@id\":\"https:\\\/\\\/delphinedion.com\\\/en\\\/produit\\\/watercolor-art-print-bunny-and-4-leaf-clover-2\\\/\",\"url\":\"https:\\\/\\\/delphinedion.com\\\/en\\\/produit\\\/watercolor-art-print-bunny-and-4-leaf-clover-2\\\/\",\"name\":\"Watercolor art print - Bunny and 4-leaf clover - Delphine Dion\",\"isPartOf\":{\"@id\":\"https:\\\/\\\/delphinedion.com\\\/en\\\/#website\"},\"primaryImageOfPage\":{\"@id\":\"https:\\\/\\\/delphinedion.com\\\/en\\\/produit\\\/watercolor-art-print-bunny-and-4-leaf-clover-2\\\/#primaryimage\"},\"image\":{\"@id\":\"https:\\\/\\\/delphinedion.com\\\/en\\\/produit\\\/watercolor-art-print-bunny-and-4-leaf-clover-2\\\/#primaryimage\"},\"thumbnailUrl\":\"https:\\\/\\\/delphinedion.com\\\/wp-content\\\/uploads\\\/2022\\\/09\\\/illustration-aquarelle-lapin-trefle-quatre-feuilles-3.jpg\",\"datePublished\":\"2022-09-08T18:19:51+00:00\",\"dateModified\":\"2024-01-08T15:12:39+00:00\",\"description\":\"Watercolor art print ready to frame, medium size | Children bedroom wall art, nature and cute animal | Bunny and 4-leaf clover\",\"breadcrumb\":{\"@id\":\"https:\\\/\\\/delphinedion.com\\\/en\\\/produit\\\/watercolor-art-print-bunny-and-4-leaf-clover-2\\\/#breadcrumb\"},\"inLanguage\":\"en-US\",\"potentialAction\":[{\"@type\":\"ReadAction\",\"target\":[\"https:\\\/\\\/delphinedion.com\\\/en\\\/produit\\\/watercolor-art-print-bunny-and-4-leaf-clover-2\\\/\"]}]},{\"@type\":\"ImageObject\",\"inLanguage\":\"en-US\",\"@id\":\"https:\\\/\\\/delphinedion.com\\\/en\\\/produit\\\/watercolor-art-print-bunny-and-4-leaf-clover-2\\\/#primaryimage\",\"url\":\"https:\\\/\\\/delphinedion.com\\\/wp-content\\\/uploads\\\/2022\\\/09\\\/illustration-aquarelle-lapin-trefle-quatre-feuilles-3.jpg\",\"contentUrl\":\"https:\\\/\\\/delphinedion.com\\\/wp-content\\\/uploads\\\/2022\\\/09\\\/illustration-aquarelle-lapin-trefle-quatre-feuilles-3.jpg\",\"width\":2500,\"height\":2000,\"caption\":\"illustration \u00e0 l'aquarelle d'un lapin dans les tr\u00e8fles, tenant un tr\u00e8fle \u00e0 4 feuilles\"},{\"@type\":\"BreadcrumbList\",\"@id\":\"https:\\\/\\\/delphinedion.com\\\/en\\\/produit\\\/watercolor-art-print-bunny-and-4-leaf-clover-2\\\/#breadcrumb\",\"itemListElement\":[{\"@type\":\"ListItem\",\"position\":1,\"name\":\"Accueil\",\"item\":\"https:\\\/\\\/delphinedion.com\\\/en\\\/\"},{\"@type\":\"ListItem\",\"position\":2,\"name\":\"Shop\",\"item\":\"https:\\\/\\\/delphinedion.com\\\/en\\\/shop\\\/\"},{\"@type\":\"ListItem\",\"position\":3,\"name\":\"Watercolor art print &#8211; Bunny and 4-leaf clover\"}]},{\"@type\":\"WebSite\",\"@id\":\"https:\\\/\\\/delphinedion.com\\\/en\\\/#website\",\"url\":\"https:\\\/\\\/delphinedion.com\\\/en\\\/\",\"name\":\"Delphine Dion\",\"description\":\"Nature &amp; Wildlife Artist\",\"publisher\":{\"@id\":\"https:\\\/\\\/delphinedion.com\\\/en\\\/#organization\"},\"potentialAction\":[{\"@type\":\"SearchAction\",\"target\":{\"@type\":\"EntryPoint\",\"urlTemplate\":\"https:\\\/\\\/delphinedion.com\\\/en\\\/?s={search_term_string}\"},\"query-input\":{\"@type\":\"PropertyValueSpecification\",\"valueRequired\":true,\"valueName\":\"search_term_string\"}}],\"inLanguage\":\"en-US\"},{\"@type\":\"Organization\",\"@id\":\"https:\\\/\\\/delphinedion.com\\\/en\\\/#organization\",\"name\":\"Delphine Dion\",\"url\":\"https:\\\/\\\/delphinedion.com\\\/en\\\/\",\"logo\":{\"@type\":\"ImageObject\",\"inLanguage\":\"en-US\",\"@id\":\"https:\\\/\\\/delphinedion.com\\\/en\\\/#\\\/schema\\\/logo\\\/image\\\/\",\"url\":\"https:\\\/\\\/delphinedion.com\\\/wp-content\\\/uploads\\\/2024\\\/06\\\/cropped-Illustration_sans_titre-1b-1.png\",\"contentUrl\":\"https:\\\/\\\/delphinedion.com\\\/wp-content\\\/uploads\\\/2024\\\/06\\\/cropped-Illustration_sans_titre-1b-1.png\",\"width\":512,\"height\":512,\"caption\":\"Delphine Dion\"},\"image\":{\"@id\":\"https:\\\/\\\/delphinedion.com\\\/en\\\/#\\\/schema\\\/logo\\\/image\\\/\"}}]}<\/script>\n<!-- \/ Yoast SEO plugin. -->","yoast_head_json":{"title":"Watercolor art print - Bunny and 4-leaf clover - Delphine Dion","description":"Watercolor art print ready to frame, medium size | Children bedroom wall art, nature and cute animal | Bunny and 4-leaf clover","robots":{"index":"index","follow":"follow","max-snippet":"max-snippet:-1","max-image-preview":"max-image-preview:large","max-video-preview":"max-video-preview:-1"},"canonical":"https:\/\/delphinedion.com\/en\/produit\/watercolor-art-print-bunny-and-4-leaf-clover-2\/","og_locale":"en_US","og_type":"article","og_title":"Watercolor art print - Bunny and 4-leaf clover - Delphine Dion","og_description":"Watercolor art print ready to frame, medium size | Children bedroom wall art, nature and cute animal | Bunny and 4-leaf clover","og_url":"https:\/\/delphinedion.com\/en\/produit\/watercolor-art-print-bunny-and-4-leaf-clover-2\/","og_site_name":"Delphine Dion","article_modified_time":"2024-01-08T15:12:39+00:00","og_image":[{"width":2500,"height":2000,"url":"https:\/\/delphinedion.com\/wp-content\/uploads\/2022\/09\/illustration-aquarelle-lapin-trefle-quatre-feuilles-3.jpg","type":"image\/jpeg"}],"twitter_card":"summary_large_image","twitter_misc":{"Est. reading time":"1 minute"},"schema":{"@context":"https:\/\/schema.org","@graph":[{"@type":"WebPage","@id":"https:\/\/delphinedion.com\/en\/produit\/watercolor-art-print-bunny-and-4-leaf-clover-2\/","url":"https:\/\/delphinedion.com\/en\/produit\/watercolor-art-print-bunny-and-4-leaf-clover-2\/","name":"Watercolor art print - Bunny and 4-leaf clover - Delphine Dion","isPartOf":{"@id":"https:\/\/delphinedion.com\/en\/#website"},"primaryImageOfPage":{"@id":"https:\/\/delphinedion.com\/en\/produit\/watercolor-art-print-bunny-and-4-leaf-clover-2\/#primaryimage"},"image":{"@id":"https:\/\/delphinedion.com\/en\/produit\/watercolor-art-print-bunny-and-4-leaf-clover-2\/#primaryimage"},"thumbnailUrl":"https:\/\/delphinedion.com\/wp-content\/uploads\/2022\/09\/illustration-aquarelle-lapin-trefle-quatre-feuilles-3.jpg","datePublished":"2022-09-08T18:19:51+00:00","dateModified":"2024-01-08T15:12:39+00:00","description":"Watercolor art print ready to frame, medium size | Children bedroom wall art, nature and cute animal | Bunny and 4-leaf clover","breadcrumb":{"@id":"https:\/\/delphinedion.com\/en\/produit\/watercolor-art-print-bunny-and-4-leaf-clover-2\/#breadcrumb"},"inLanguage":"en-US","potentialAction":[{"@type":"ReadAction","target":["https:\/\/delphinedion.com\/en\/produit\/watercolor-art-print-bunny-and-4-leaf-clover-2\/"]}]},{"@type":"ImageObject","inLanguage":"en-US","@id":"https:\/\/delphinedion.com\/en\/produit\/watercolor-art-print-bunny-and-4-leaf-clover-2\/#primaryimage","url":"https:\/\/delphinedion.com\/wp-content\/uploads\/2022\/09\/illustration-aquarelle-lapin-trefle-quatre-feuilles-3.jpg","contentUrl":"https:\/\/delphinedion.com\/wp-content\/uploads\/2022\/09\/illustration-aquarelle-lapin-trefle-quatre-feuilles-3.jpg","width":2500,"height":2000,"caption":"illustration \u00e0 l'aquarelle d'un lapin dans les tr\u00e8fles, tenant un tr\u00e8fle \u00e0 4 feuilles"},{"@type":"BreadcrumbList","@id":"https:\/\/delphinedion.com\/en\/produit\/watercolor-art-print-bunny-and-4-leaf-clover-2\/#breadcrumb","itemListElement":[{"@type":"ListItem","position":1,"name":"Accueil","item":"https:\/\/delphinedion.com\/en\/"},{"@type":"ListItem","position":2,"name":"Shop","item":"https:\/\/delphinedion.com\/en\/shop\/"},{"@type":"ListItem","position":3,"name":"Watercolor art print &#8211; Bunny and 4-leaf clover"}]},{"@type":"WebSite","@id":"https:\/\/delphinedion.com\/en\/#website","url":"https:\/\/delphinedion.com\/en\/","name":"Delphine Dion","description":"Nature &amp; Wildlife Artist","publisher":{"@id":"https:\/\/delphinedion.com\/en\/#organization"},"potentialAction":[{"@type":"SearchAction","target":{"@type":"EntryPoint","urlTemplate":"https:\/\/delphinedion.com\/en\/?s={search_term_string}"},"query-input":{"@type":"PropertyValueSpecification","valueRequired":true,"valueName":"search_term_string"}}],"inLanguage":"en-US"},{"@type":"Organization","@id":"https:\/\/delphinedion.com\/en\/#organization","name":"Delphine Dion","url":"https:\/\/delphinedion.com\/en\/","logo":{"@type":"ImageObject","inLanguage":"en-US","@id":"https:\/\/delphinedion.com\/en\/#\/schema\/logo\/image\/","url":"https:\/\/delphinedion.com\/wp-content\/uploads\/2024\/06\/cropped-Illustration_sans_titre-1b-1.png","contentUrl":"https:\/\/delphinedion.com\/wp-content\/uploads\/2024\/06\/cropped-Illustration_sans_titre-1b-1.png","width":512,"height":512,"caption":"Delphine Dion"},"image":{"@id":"https:\/\/delphinedion.com\/en\/#\/schema\/logo\/image\/"}}]}},"jetpack_sharing_enabled":true,"_links":{"self":[{"href":"https:\/\/delphinedion.com\/en\/wp-json\/wp\/v2\/product\/4083","targetHints":{"allow":["GET"]}}],"collection":[{"href":"https:\/\/delphinedion.com\/en\/wp-json\/wp\/v2\/product"}],"about":[{"href":"https:\/\/delphinedion.com\/en\/wp-json\/wp\/v2\/types\/product"}],"replies":[{"embeddable":true,"href":"https:\/\/delphinedion.com\/en\/wp-json\/wp\/v2\/comments?post=4083"}],"version-history":[{"count":1,"href":"https:\/\/delphinedion.com\/en\/wp-json\/wp\/v2\/product\/4083\/revisions"}],"predecessor-version":[{"id":7286,"href":"https:\/\/delphinedion.com\/en\/wp-json\/wp\/v2\/product\/4083\/revisions\/7286"}],"wp:featuredmedia":[{"embeddable":true,"href":"https:\/\/delphinedion.com\/en\/wp-json\/wp\/v2\/media\/7278"}],"wp:attachment":[{"href":"https:\/\/delphinedion.com\/en\/wp-json\/wp\/v2\/media?parent=4083"}],"wp:term":[{"taxonomy":"product_brand","embeddable":true,"href":"https:\/\/delphinedion.com\/en\/wp-json\/wp\/v2\/product_brand?post=4083"},{"taxonomy":"product_cat","embeddable":true,"href":"https:\/\/delphinedion.com\/en\/wp-json\/wp\/v2\/product_cat?post=4083"},{"taxonomy":"product_tag","embeddable":true,"href":"https:\/\/delphinedion.com\/en\/wp-json\/wp\/v2\/product_tag?post=4083"}],"curies":[{"name":"wp","href":"https:\/\/api.w.org\/{rel}","templated":true}]}}