{"id":4277,"date":"2022-10-03T10:00:01","date_gmt":"2022-10-03T08:00:01","guid":{"rendered":"https:\/\/delphinedion.com\/produit\/watercolor-art-print-long-eared-owl\/"},"modified":"2025-07-31T09:28:13","modified_gmt":"2025-07-31T07:28:13","slug":"watercolor-art-print-long-eared-owl","status":"publish","type":"product","link":"https:\/\/delphinedion.com\/en\/produit\/watercolor-art-print-long-eared-owl\/","title":{"rendered":"Watercolor art print | Long eared Owl"},"content":{"rendered":"<h2><span style=\"font-weight: 400;\">Art print of my watercolor illustration. <\/span><\/h2>\n<p><span style=\"font-weight: 400;\">An autumn illustration to display on your walls. Framed with a matte board, it will be perfect in a children bedroom, or any other room, to bring autumn colors in your home ! In the small or medium size, this illustration will be a unique and original gift for an owl lover !<\/span><\/p>\n<p>Available in 2 sizes 14 x 14 cm and 21 x 21 cm.<\/p>\n<p>I wanted to represent a Long-eared Owl perched on an autumn wreath, matching the color of the eyes of the bird.<\/p>\n<p><em><strong>Characteristics :<\/strong><\/em><\/p>\n<ul>\n<li><em>Size :<\/em> 14 x 14 cm ou 21 x 21 cm<\/li>\n<li>Printed on fine art archival (non-yellowing), textured paper, reminding of watercolor paper.<\/li>\n<li>Heavy paper of 245 g\/m\u00b2 (21 x 21 cm format) et 300 g\/m\u00b2 (14 x 14 cm format)<\/li>\n<li><em>Plastic-free packaging :<\/em> the print is shipped flat in a cardboard envelope and protected in a cristal paper sleeve. Take care of our planete, recycle or reuse the packaging !<\/li>\n<li> <em>Shipping :<\/em> within 2-5 workings days. I print each print myself on demand, I need some time to prepare them ! Sent with a tracking number.<\/li>\n<\/ul>\n<p><strong>Please note that colors can vary depending on the colorimetric configuration of your screen&#8217;s device.<\/strong><\/p>\n","protected":false},"excerpt":{"rendered":"<p>Watercolor art print &#8211; 21 x 21 cm (approx. 8.3 inches)<\/p>\n","protected":false},"featured_media":6026,"comment_status":"open","ping_status":"closed","template":"","meta":{"om_disable_all_campaigns":false,"_monsterinsights_skip_tracking":false,"_monsterinsights_sitenote_active":false,"_monsterinsights_sitenote_note":"","_monsterinsights_sitenote_category":0,"_uf_show_specific_survey":0,"_uf_disable_surveys":false,"site-sidebar-layout":"default","site-content-layout":"","ast-site-content-layout":"default","site-content-style":"default","site-sidebar-style":"default","ast-global-header-display":"","ast-banner-title-visibility":"","ast-main-header-display":"","ast-hfb-above-header-display":"","ast-hfb-below-header-display":"","ast-hfb-mobile-header-display":"","site-post-title":"","ast-breadcrumbs-content":"","ast-featured-img":"","footer-sml-layout":"","ast-disable-related-posts":"","theme-transparent-header-meta":"default","adv-header-id-meta":"","stick-header-meta":"","header-above-stick-meta":"","header-main-stick-meta":"","header-below-stick-meta":"","astra-migrate-meta-layouts":"default","ast-page-background-enabled":"default","ast-page-background-meta":{"desktop":{"background-color":"var(--ast-global-color-4)","background-image":"","background-repeat":"repeat","background-position":"center center","background-size":"auto","background-attachment":"scroll","background-type":"","background-media":"","overlay-type":"","overlay-color":"","overlay-opacity":"","overlay-gradient":""},"tablet":{"background-color":"","background-image":"","background-repeat":"repeat","background-position":"center center","background-size":"auto","background-attachment":"scroll","background-type":"","background-media":"","overlay-type":"","overlay-color":"","overlay-opacity":"","overlay-gradient":""},"mobile":{"background-color":"","background-image":"","background-repeat":"repeat","background-position":"center center","background-size":"auto","background-attachment":"scroll","background-type":"","background-media":"","overlay-type":"","overlay-color":"","overlay-opacity":"","overlay-gradient":""}},"ast-content-background-meta":{"desktop":{"background-color":"var(--ast-global-color-5)","background-image":"","background-repeat":"repeat","background-position":"center center","background-size":"auto","background-attachment":"scroll","background-type":"","background-media":"","overlay-type":"","overlay-color":"","overlay-opacity":"","overlay-gradient":""},"tablet":{"background-color":"var(--ast-global-color-5)","background-image":"","background-repeat":"repeat","background-position":"center center","background-size":"auto","background-attachment":"scroll","background-type":"","background-media":"","overlay-type":"","overlay-color":"","overlay-opacity":"","overlay-gradient":""},"mobile":{"background-color":"var(--ast-global-color-5)","background-image":"","background-repeat":"repeat","background-position":"center center","background-size":"auto","background-attachment":"scroll","background-type":"","background-media":"","overlay-type":"","overlay-color":"","overlay-opacity":"","overlay-gradient":""}}},"product_brand":[],"product_cat":[34,367],"product_tag":[256,359,62,121,365],"class_list":{"0":"post-4277","1":"product","2":"type-product","3":"status-publish","4":"has-post-thumbnail","6":"product_cat-art-prints","7":"product_cat-autumn-selection","8":"product_tag-autumn","9":"product_tag-autumn-collection-en","10":"product_tag-birds","11":"product_tag-forest","12":"product_tag-owl-en","13":"desktop-align-left","14":"tablet-align-left","15":"mobile-align-left","17":"first","18":"instock","19":"purchasable","20":"product-type-variable"},"yoast_head":"<!-- This site is optimized with the Yoast SEO plugin v27.4 - https:\/\/yoast.com\/product\/yoast-seo-wordpress\/ -->\n<title>Watercolor art print | Long eared Owl - Delphine Dion<\/title>\n<meta name=\"description\" content=\"Watercolor art print ready to frame, small and medium size | Autumn and nature wall art | Long-eared Owl\" \/>\n<meta name=\"robots\" content=\"index, follow, max-snippet:-1, max-image-preview:large, max-video-preview:-1\" \/>\n<link rel=\"canonical\" href=\"https:\/\/delphinedion.com\/en\/produit\/watercolor-art-print-long-eared-owl\/\" \/>\n<meta property=\"og:locale\" content=\"en_US\" \/>\n<meta property=\"og:type\" content=\"article\" \/>\n<meta property=\"og:title\" content=\"Watercolor art print | Long eared Owl - Delphine Dion\" \/>\n<meta property=\"og:description\" content=\"Watercolor art print ready to frame, small and medium size | Autumn and nature wall art | Long-eared Owl\" \/>\n<meta property=\"og:url\" content=\"https:\/\/delphinedion.com\/en\/produit\/watercolor-art-print-long-eared-owl\/\" \/>\n<meta property=\"og:site_name\" content=\"Delphine Dion\" \/>\n<meta property=\"article:modified_time\" content=\"2025-07-31T07:28:13+00:00\" \/>\n<meta property=\"og:image\" content=\"https:\/\/delphinedion.com\/wp-content\/uploads\/2022\/10\/illustration-aquarelle-hibou-moyen-duc-automne.jpg\" \/>\n\t<meta property=\"og:image:width\" content=\"1392\" \/>\n\t<meta property=\"og:image:height\" content=\"1000\" \/>\n\t<meta property=\"og:image:type\" content=\"image\/jpeg\" \/>\n<meta name=\"twitter:card\" content=\"summary_large_image\" \/>\n<meta name=\"twitter:label1\" content=\"Est. reading time\" \/>\n\t<meta name=\"twitter:data1\" content=\"1 minute\" \/>\n<script type=\"application\/ld+json\" class=\"yoast-schema-graph\">{\"@context\":\"https:\\\/\\\/schema.org\",\"@graph\":[{\"@type\":\"WebPage\",\"@id\":\"https:\\\/\\\/delphinedion.com\\\/en\\\/produit\\\/watercolor-art-print-long-eared-owl\\\/\",\"url\":\"https:\\\/\\\/delphinedion.com\\\/en\\\/produit\\\/watercolor-art-print-long-eared-owl\\\/\",\"name\":\"Watercolor art print | Long eared Owl - Delphine Dion\",\"isPartOf\":{\"@id\":\"https:\\\/\\\/delphinedion.com\\\/en\\\/#website\"},\"primaryImageOfPage\":{\"@id\":\"https:\\\/\\\/delphinedion.com\\\/en\\\/produit\\\/watercolor-art-print-long-eared-owl\\\/#primaryimage\"},\"image\":{\"@id\":\"https:\\\/\\\/delphinedion.com\\\/en\\\/produit\\\/watercolor-art-print-long-eared-owl\\\/#primaryimage\"},\"thumbnailUrl\":\"https:\\\/\\\/delphinedion.com\\\/wp-content\\\/uploads\\\/2022\\\/10\\\/illustration-aquarelle-hibou-moyen-duc-automne.jpg\",\"datePublished\":\"2022-10-03T08:00:01+00:00\",\"dateModified\":\"2025-07-31T07:28:13+00:00\",\"description\":\"Watercolor art print ready to frame, small and medium size | Autumn and nature wall art | Long-eared Owl\",\"breadcrumb\":{\"@id\":\"https:\\\/\\\/delphinedion.com\\\/en\\\/produit\\\/watercolor-art-print-long-eared-owl\\\/#breadcrumb\"},\"inLanguage\":\"en-US\",\"potentialAction\":[{\"@type\":\"ReadAction\",\"target\":[\"https:\\\/\\\/delphinedion.com\\\/en\\\/produit\\\/watercolor-art-print-long-eared-owl\\\/\"]}]},{\"@type\":\"ImageObject\",\"inLanguage\":\"en-US\",\"@id\":\"https:\\\/\\\/delphinedion.com\\\/en\\\/produit\\\/watercolor-art-print-long-eared-owl\\\/#primaryimage\",\"url\":\"https:\\\/\\\/delphinedion.com\\\/wp-content\\\/uploads\\\/2022\\\/10\\\/illustration-aquarelle-hibou-moyen-duc-automne.jpg\",\"contentUrl\":\"https:\\\/\\\/delphinedion.com\\\/wp-content\\\/uploads\\\/2022\\\/10\\\/illustration-aquarelle-hibou-moyen-duc-automne.jpg\",\"width\":1392,\"height\":1000,\"caption\":\"illustration \u00e0 l'aquarelle d'un hibou moyen duc dans une couronne v\u00e9g\u00e9tale d'automne\"},{\"@type\":\"BreadcrumbList\",\"@id\":\"https:\\\/\\\/delphinedion.com\\\/en\\\/produit\\\/watercolor-art-print-long-eared-owl\\\/#breadcrumb\",\"itemListElement\":[{\"@type\":\"ListItem\",\"position\":1,\"name\":\"Accueil\",\"item\":\"https:\\\/\\\/delphinedion.com\\\/en\\\/\"},{\"@type\":\"ListItem\",\"position\":2,\"name\":\"Shop\",\"item\":\"https:\\\/\\\/delphinedion.com\\\/en\\\/shop\\\/\"},{\"@type\":\"ListItem\",\"position\":3,\"name\":\"Watercolor art print | Long eared Owl\"}]},{\"@type\":\"WebSite\",\"@id\":\"https:\\\/\\\/delphinedion.com\\\/en\\\/#website\",\"url\":\"https:\\\/\\\/delphinedion.com\\\/en\\\/\",\"name\":\"Delphine Dion\",\"description\":\"Nature &amp; Wildlife Artist\",\"publisher\":{\"@id\":\"https:\\\/\\\/delphinedion.com\\\/en\\\/#organization\"},\"potentialAction\":[{\"@type\":\"SearchAction\",\"target\":{\"@type\":\"EntryPoint\",\"urlTemplate\":\"https:\\\/\\\/delphinedion.com\\\/en\\\/?s={search_term_string}\"},\"query-input\":{\"@type\":\"PropertyValueSpecification\",\"valueRequired\":true,\"valueName\":\"search_term_string\"}}],\"inLanguage\":\"en-US\"},{\"@type\":\"Organization\",\"@id\":\"https:\\\/\\\/delphinedion.com\\\/en\\\/#organization\",\"name\":\"Delphine Dion\",\"url\":\"https:\\\/\\\/delphinedion.com\\\/en\\\/\",\"logo\":{\"@type\":\"ImageObject\",\"inLanguage\":\"en-US\",\"@id\":\"https:\\\/\\\/delphinedion.com\\\/en\\\/#\\\/schema\\\/logo\\\/image\\\/\",\"url\":\"https:\\\/\\\/delphinedion.com\\\/wp-content\\\/uploads\\\/2024\\\/06\\\/cropped-Illustration_sans_titre-1b-1.png\",\"contentUrl\":\"https:\\\/\\\/delphinedion.com\\\/wp-content\\\/uploads\\\/2024\\\/06\\\/cropped-Illustration_sans_titre-1b-1.png\",\"width\":512,\"height\":512,\"caption\":\"Delphine Dion\"},\"image\":{\"@id\":\"https:\\\/\\\/delphinedion.com\\\/en\\\/#\\\/schema\\\/logo\\\/image\\\/\"}}]}<\/script>\n<!-- \/ Yoast SEO plugin. -->","yoast_head_json":{"title":"Watercolor art print | Long eared Owl - Delphine Dion","description":"Watercolor art print ready to frame, small and medium size | Autumn and nature wall art | Long-eared Owl","robots":{"index":"index","follow":"follow","max-snippet":"max-snippet:-1","max-image-preview":"max-image-preview:large","max-video-preview":"max-video-preview:-1"},"canonical":"https:\/\/delphinedion.com\/en\/produit\/watercolor-art-print-long-eared-owl\/","og_locale":"en_US","og_type":"article","og_title":"Watercolor art print | Long eared Owl - Delphine Dion","og_description":"Watercolor art print ready to frame, small and medium size | Autumn and nature wall art | Long-eared Owl","og_url":"https:\/\/delphinedion.com\/en\/produit\/watercolor-art-print-long-eared-owl\/","og_site_name":"Delphine Dion","article_modified_time":"2025-07-31T07:28:13+00:00","og_image":[{"width":1392,"height":1000,"url":"https:\/\/delphinedion.com\/wp-content\/uploads\/2022\/10\/illustration-aquarelle-hibou-moyen-duc-automne.jpg","type":"image\/jpeg"}],"twitter_card":"summary_large_image","twitter_misc":{"Est. reading time":"1 minute"},"schema":{"@context":"https:\/\/schema.org","@graph":[{"@type":"WebPage","@id":"https:\/\/delphinedion.com\/en\/produit\/watercolor-art-print-long-eared-owl\/","url":"https:\/\/delphinedion.com\/en\/produit\/watercolor-art-print-long-eared-owl\/","name":"Watercolor art print | Long eared Owl - Delphine Dion","isPartOf":{"@id":"https:\/\/delphinedion.com\/en\/#website"},"primaryImageOfPage":{"@id":"https:\/\/delphinedion.com\/en\/produit\/watercolor-art-print-long-eared-owl\/#primaryimage"},"image":{"@id":"https:\/\/delphinedion.com\/en\/produit\/watercolor-art-print-long-eared-owl\/#primaryimage"},"thumbnailUrl":"https:\/\/delphinedion.com\/wp-content\/uploads\/2022\/10\/illustration-aquarelle-hibou-moyen-duc-automne.jpg","datePublished":"2022-10-03T08:00:01+00:00","dateModified":"2025-07-31T07:28:13+00:00","description":"Watercolor art print ready to frame, small and medium size | Autumn and nature wall art | Long-eared Owl","breadcrumb":{"@id":"https:\/\/delphinedion.com\/en\/produit\/watercolor-art-print-long-eared-owl\/#breadcrumb"},"inLanguage":"en-US","potentialAction":[{"@type":"ReadAction","target":["https:\/\/delphinedion.com\/en\/produit\/watercolor-art-print-long-eared-owl\/"]}]},{"@type":"ImageObject","inLanguage":"en-US","@id":"https:\/\/delphinedion.com\/en\/produit\/watercolor-art-print-long-eared-owl\/#primaryimage","url":"https:\/\/delphinedion.com\/wp-content\/uploads\/2022\/10\/illustration-aquarelle-hibou-moyen-duc-automne.jpg","contentUrl":"https:\/\/delphinedion.com\/wp-content\/uploads\/2022\/10\/illustration-aquarelle-hibou-moyen-duc-automne.jpg","width":1392,"height":1000,"caption":"illustration \u00e0 l'aquarelle d'un hibou moyen duc dans une couronne v\u00e9g\u00e9tale d'automne"},{"@type":"BreadcrumbList","@id":"https:\/\/delphinedion.com\/en\/produit\/watercolor-art-print-long-eared-owl\/#breadcrumb","itemListElement":[{"@type":"ListItem","position":1,"name":"Accueil","item":"https:\/\/delphinedion.com\/en\/"},{"@type":"ListItem","position":2,"name":"Shop","item":"https:\/\/delphinedion.com\/en\/shop\/"},{"@type":"ListItem","position":3,"name":"Watercolor art print | Long eared Owl"}]},{"@type":"WebSite","@id":"https:\/\/delphinedion.com\/en\/#website","url":"https:\/\/delphinedion.com\/en\/","name":"Delphine Dion","description":"Nature &amp; Wildlife Artist","publisher":{"@id":"https:\/\/delphinedion.com\/en\/#organization"},"potentialAction":[{"@type":"SearchAction","target":{"@type":"EntryPoint","urlTemplate":"https:\/\/delphinedion.com\/en\/?s={search_term_string}"},"query-input":{"@type":"PropertyValueSpecification","valueRequired":true,"valueName":"search_term_string"}}],"inLanguage":"en-US"},{"@type":"Organization","@id":"https:\/\/delphinedion.com\/en\/#organization","name":"Delphine Dion","url":"https:\/\/delphinedion.com\/en\/","logo":{"@type":"ImageObject","inLanguage":"en-US","@id":"https:\/\/delphinedion.com\/en\/#\/schema\/logo\/image\/","url":"https:\/\/delphinedion.com\/wp-content\/uploads\/2024\/06\/cropped-Illustration_sans_titre-1b-1.png","contentUrl":"https:\/\/delphinedion.com\/wp-content\/uploads\/2024\/06\/cropped-Illustration_sans_titre-1b-1.png","width":512,"height":512,"caption":"Delphine Dion"},"image":{"@id":"https:\/\/delphinedion.com\/en\/#\/schema\/logo\/image\/"}}]}},"jetpack_sharing_enabled":true,"_links":{"self":[{"href":"https:\/\/delphinedion.com\/en\/wp-json\/wp\/v2\/product\/4277","targetHints":{"allow":["GET"]}}],"collection":[{"href":"https:\/\/delphinedion.com\/en\/wp-json\/wp\/v2\/product"}],"about":[{"href":"https:\/\/delphinedion.com\/en\/wp-json\/wp\/v2\/types\/product"}],"replies":[{"embeddable":true,"href":"https:\/\/delphinedion.com\/en\/wp-json\/wp\/v2\/comments?post=4277"}],"version-history":[{"count":1,"href":"https:\/\/delphinedion.com\/en\/wp-json\/wp\/v2\/product\/4277\/revisions"}],"predecessor-version":[{"id":6032,"href":"https:\/\/delphinedion.com\/en\/wp-json\/wp\/v2\/product\/4277\/revisions\/6032"}],"wp:featuredmedia":[{"embeddable":true,"href":"https:\/\/delphinedion.com\/en\/wp-json\/wp\/v2\/media\/6026"}],"wp:attachment":[{"href":"https:\/\/delphinedion.com\/en\/wp-json\/wp\/v2\/media?parent=4277"}],"wp:term":[{"taxonomy":"product_brand","embeddable":true,"href":"https:\/\/delphinedion.com\/en\/wp-json\/wp\/v2\/product_brand?post=4277"},{"taxonomy":"product_cat","embeddable":true,"href":"https:\/\/delphinedion.com\/en\/wp-json\/wp\/v2\/product_cat?post=4277"},{"taxonomy":"product_tag","embeddable":true,"href":"https:\/\/delphinedion.com\/en\/wp-json\/wp\/v2\/product_tag?post=4277"}],"curies":[{"name":"wp","href":"https:\/\/api.w.org\/{rel}","templated":true}]}}