{"id":9696,"date":"2024-12-04T15:07:23","date_gmt":"2024-12-04T14:07:23","guid":{"rendered":"https:\/\/delphinedion.com\/produit\/greeting-card-robin-physalis\/"},"modified":"2025-12-11T12:03:05","modified_gmt":"2025-12-11T11:03:05","slug":"greeting-card-robin-physalis","status":"publish","type":"product","link":"https:\/\/delphinedion.com\/en\/produit\/greeting-card-robin-physalis\/","title":{"rendered":"Greeting card | Robin &amp; Physalis"},"content":{"rendered":"<p>This robin and the physalis branch will accompany gently your best wishes and your words written for your loved ones. This pretty card has been created from one of my watercolor illustration, and embellished with a background and a verso painted digitally. The included deep blue envelope enhance the soft colors of the illustration and add a touch of elegance. Printed on a heavy, smooth and matte paper, the inside is blank so you can write your message.<\/p>\n<p><em><strong>Characteristics :<\/strong><\/em><\/p>\n<ul>\n<li><em>Size:<\/em> 18 x 11,7 cm closed and 18 x 23,4 cm opened<\/li>\n<li>Printed on white matte and smooth paper<\/li>\n<li>A deep blue envelope included<\/li>\n<li><em>Platic-free packaging :<\/em> the card is sent in a cardboard envelope and protected in a glassine paper sleeve. Take care of our planet, recycle or reuse the packaging !<\/li>\n<li> <em>Shipping :<\/em> within 2-5 workings days. Shipped with a tracking number.<\/li>\n<\/ul>\n<p><strong>Please note that colors can vary depending on the colorimetric configuration of your screen&#8217;s device.<\/strong><\/p>\n","protected":false},"excerpt":{"rendered":"<p>Nice watercolor and digitally illustrated greeting card, printed on a heavy smooth and matte paper. Comes with a deep blue envelope.<em>Size :<\/em> 18 x 11,7 cm closed and 18 x 23,4 cm opened <\/p>\n","protected":false},"featured_media":9686,"comment_status":"open","ping_status":"closed","template":"","meta":{"om_disable_all_campaigns":false,"_monsterinsights_skip_tracking":false,"_monsterinsights_sitenote_active":false,"_monsterinsights_sitenote_note":"","_monsterinsights_sitenote_category":0,"_uf_show_specific_survey":0,"_uf_disable_surveys":false,"site-sidebar-layout":"default","site-content-layout":"","ast-site-content-layout":"default","site-content-style":"default","site-sidebar-style":"default","ast-global-header-display":"","ast-banner-title-visibility":"","ast-main-header-display":"","ast-hfb-above-header-display":"","ast-hfb-below-header-display":"","ast-hfb-mobile-header-display":"","site-post-title":"","ast-breadcrumbs-content":"","ast-featured-img":"","footer-sml-layout":"","ast-disable-related-posts":"","theme-transparent-header-meta":"default","adv-header-id-meta":"","stick-header-meta":"","header-above-stick-meta":"","header-main-stick-meta":"","header-below-stick-meta":"","astra-migrate-meta-layouts":"default","ast-page-background-enabled":"default","ast-page-background-meta":{"desktop":{"background-color":"var(--ast-global-color-4)","background-image":"","background-repeat":"repeat","background-position":"center center","background-size":"auto","background-attachment":"scroll","background-type":"","background-media":"","overlay-type":"","overlay-color":"","overlay-opacity":"","overlay-gradient":""},"tablet":{"background-color":"","background-image":"","background-repeat":"repeat","background-position":"center center","background-size":"auto","background-attachment":"scroll","background-type":"","background-media":"","overlay-type":"","overlay-color":"","overlay-opacity":"","overlay-gradient":""},"mobile":{"background-color":"","background-image":"","background-repeat":"repeat","background-position":"center center","background-size":"auto","background-attachment":"scroll","background-type":"","background-media":"","overlay-type":"","overlay-color":"","overlay-opacity":"","overlay-gradient":""}},"ast-content-background-meta":{"desktop":{"background-color":"var(--ast-global-color-5)","background-image":"","background-repeat":"repeat","background-position":"center center","background-size":"auto","background-attachment":"scroll","background-type":"","background-media":"","overlay-type":"","overlay-color":"","overlay-opacity":"","overlay-gradient":""},"tablet":{"background-color":"var(--ast-global-color-5)","background-image":"","background-repeat":"repeat","background-position":"center center","background-size":"auto","background-attachment":"scroll","background-type":"","background-media":"","overlay-type":"","overlay-color":"","overlay-opacity":"","overlay-gradient":""},"mobile":{"background-color":"var(--ast-global-color-5)","background-image":"","background-repeat":"repeat","background-position":"center center","background-size":"auto","background-attachment":"scroll","background-type":"","background-media":"","overlay-type":"","overlay-color":"","overlay-opacity":"","overlay-gradient":""}}},"product_brand":[],"product_cat":[66],"product_tag":[107,229,444,445,443,243],"class_list":{"0":"post-9696","1":"product","2":"type-product","3":"status-publish","4":"has-post-thumbnail","6":"product_cat-greeting-cards","7":"product_tag-bird","8":"product_tag-christmas","9":"product_tag-garden-birds","10":"product_tag-new-year","11":"product_tag-robin","12":"product_tag-winter","13":"desktop-align-left","14":"tablet-align-left","15":"mobile-align-left","17":"first","18":"outofstock","19":"purchasable","20":"product-type-simple"},"yoast_head":"<!-- This site is optimized with the Yoast SEO plugin v27.4 - https:\/\/yoast.com\/product\/yoast-seo-wordpress\/ -->\n<title>Greeting card | Robin &amp; Physalis - Delphine Dion<\/title>\n<meta name=\"description\" content=\"Greeting Card | European Robin and Physalis | Illustrated card to express your best wishes to your closed ones\" \/>\n<meta name=\"robots\" content=\"index, follow, max-snippet:-1, max-image-preview:large, max-video-preview:-1\" \/>\n<link rel=\"canonical\" href=\"https:\/\/delphinedion.com\/en\/produit\/greeting-card-robin-physalis\/\" \/>\n<meta property=\"og:locale\" content=\"en_US\" \/>\n<meta property=\"og:type\" content=\"article\" \/>\n<meta property=\"og:title\" content=\"Greeting card | Robin &amp; Physalis - Delphine Dion\" \/>\n<meta property=\"og:description\" content=\"Greeting Card | European Robin and Physalis | Illustrated card to express your best wishes to your closed ones\" \/>\n<meta property=\"og:url\" content=\"https:\/\/delphinedion.com\/en\/produit\/greeting-card-robin-physalis\/\" \/>\n<meta property=\"og:site_name\" content=\"Delphine Dion\" \/>\n<meta property=\"article:modified_time\" content=\"2025-12-11T11:03:05+00:00\" \/>\n<meta property=\"og:image\" content=\"https:\/\/delphinedion.com\/wp-content\/uploads\/2024\/12\/Carte-de-voeux-rougegorge-et-physalis.jpg\" \/>\n\t<meta property=\"og:image:width\" content=\"1392\" \/>\n\t<meta property=\"og:image:height\" content=\"1000\" \/>\n\t<meta property=\"og:image:type\" content=\"image\/jpeg\" \/>\n<meta name=\"twitter:card\" content=\"summary_large_image\" \/>\n<meta name=\"twitter:label1\" content=\"Est. reading time\" \/>\n\t<meta name=\"twitter:data1\" content=\"1 minute\" \/>\n<script type=\"application\/ld+json\" class=\"yoast-schema-graph\">{\"@context\":\"https:\\\/\\\/schema.org\",\"@graph\":[{\"@type\":\"WebPage\",\"@id\":\"https:\\\/\\\/delphinedion.com\\\/en\\\/produit\\\/greeting-card-robin-physalis\\\/\",\"url\":\"https:\\\/\\\/delphinedion.com\\\/en\\\/produit\\\/greeting-card-robin-physalis\\\/\",\"name\":\"Greeting card | Robin &amp; Physalis - Delphine Dion\",\"isPartOf\":{\"@id\":\"https:\\\/\\\/delphinedion.com\\\/en\\\/#website\"},\"primaryImageOfPage\":{\"@id\":\"https:\\\/\\\/delphinedion.com\\\/en\\\/produit\\\/greeting-card-robin-physalis\\\/#primaryimage\"},\"image\":{\"@id\":\"https:\\\/\\\/delphinedion.com\\\/en\\\/produit\\\/greeting-card-robin-physalis\\\/#primaryimage\"},\"thumbnailUrl\":\"https:\\\/\\\/delphinedion.com\\\/wp-content\\\/uploads\\\/2024\\\/12\\\/Carte-de-voeux-rougegorge-et-physalis.jpg\",\"datePublished\":\"2024-12-04T14:07:23+00:00\",\"dateModified\":\"2025-12-11T11:03:05+00:00\",\"description\":\"Greeting Card | European Robin and Physalis | Illustrated card to express your best wishes to your closed ones\",\"breadcrumb\":{\"@id\":\"https:\\\/\\\/delphinedion.com\\\/en\\\/produit\\\/greeting-card-robin-physalis\\\/#breadcrumb\"},\"inLanguage\":\"en-US\",\"potentialAction\":[{\"@type\":\"ReadAction\",\"target\":[\"https:\\\/\\\/delphinedion.com\\\/en\\\/produit\\\/greeting-card-robin-physalis\\\/\"]}]},{\"@type\":\"ImageObject\",\"inLanguage\":\"en-US\",\"@id\":\"https:\\\/\\\/delphinedion.com\\\/en\\\/produit\\\/greeting-card-robin-physalis\\\/#primaryimage\",\"url\":\"https:\\\/\\\/delphinedion.com\\\/wp-content\\\/uploads\\\/2024\\\/12\\\/Carte-de-voeux-rougegorge-et-physalis.jpg\",\"contentUrl\":\"https:\\\/\\\/delphinedion.com\\\/wp-content\\\/uploads\\\/2024\\\/12\\\/Carte-de-voeux-rougegorge-et-physalis.jpg\",\"width\":1392,\"height\":1000,\"caption\":\"carte de v\u0153ux illustr\u00e9e \u00e0 l'aquarelle avec un rougegorge et une branche de physalis\"},{\"@type\":\"BreadcrumbList\",\"@id\":\"https:\\\/\\\/delphinedion.com\\\/en\\\/produit\\\/greeting-card-robin-physalis\\\/#breadcrumb\",\"itemListElement\":[{\"@type\":\"ListItem\",\"position\":1,\"name\":\"Accueil\",\"item\":\"https:\\\/\\\/delphinedion.com\\\/en\\\/\"},{\"@type\":\"ListItem\",\"position\":2,\"name\":\"Shop\",\"item\":\"https:\\\/\\\/delphinedion.com\\\/en\\\/shop\\\/\"},{\"@type\":\"ListItem\",\"position\":3,\"name\":\"Greeting card | Robin &amp; Physalis\"}]},{\"@type\":\"WebSite\",\"@id\":\"https:\\\/\\\/delphinedion.com\\\/en\\\/#website\",\"url\":\"https:\\\/\\\/delphinedion.com\\\/en\\\/\",\"name\":\"Delphine Dion\",\"description\":\"Nature &amp; Wildlife Artist\",\"publisher\":{\"@id\":\"https:\\\/\\\/delphinedion.com\\\/en\\\/#organization\"},\"potentialAction\":[{\"@type\":\"SearchAction\",\"target\":{\"@type\":\"EntryPoint\",\"urlTemplate\":\"https:\\\/\\\/delphinedion.com\\\/en\\\/?s={search_term_string}\"},\"query-input\":{\"@type\":\"PropertyValueSpecification\",\"valueRequired\":true,\"valueName\":\"search_term_string\"}}],\"inLanguage\":\"en-US\"},{\"@type\":\"Organization\",\"@id\":\"https:\\\/\\\/delphinedion.com\\\/en\\\/#organization\",\"name\":\"Delphine Dion\",\"url\":\"https:\\\/\\\/delphinedion.com\\\/en\\\/\",\"logo\":{\"@type\":\"ImageObject\",\"inLanguage\":\"en-US\",\"@id\":\"https:\\\/\\\/delphinedion.com\\\/en\\\/#\\\/schema\\\/logo\\\/image\\\/\",\"url\":\"https:\\\/\\\/delphinedion.com\\\/wp-content\\\/uploads\\\/2024\\\/06\\\/cropped-Illustration_sans_titre-1b-1.png\",\"contentUrl\":\"https:\\\/\\\/delphinedion.com\\\/wp-content\\\/uploads\\\/2024\\\/06\\\/cropped-Illustration_sans_titre-1b-1.png\",\"width\":512,\"height\":512,\"caption\":\"Delphine Dion\"},\"image\":{\"@id\":\"https:\\\/\\\/delphinedion.com\\\/en\\\/#\\\/schema\\\/logo\\\/image\\\/\"}}]}<\/script>\n<!-- \/ Yoast SEO plugin. -->","yoast_head_json":{"title":"Greeting card | Robin &amp; Physalis - Delphine Dion","description":"Greeting Card | European Robin and Physalis | Illustrated card to express your best wishes to your closed ones","robots":{"index":"index","follow":"follow","max-snippet":"max-snippet:-1","max-image-preview":"max-image-preview:large","max-video-preview":"max-video-preview:-1"},"canonical":"https:\/\/delphinedion.com\/en\/produit\/greeting-card-robin-physalis\/","og_locale":"en_US","og_type":"article","og_title":"Greeting card | Robin &amp; Physalis - Delphine Dion","og_description":"Greeting Card | European Robin and Physalis | Illustrated card to express your best wishes to your closed ones","og_url":"https:\/\/delphinedion.com\/en\/produit\/greeting-card-robin-physalis\/","og_site_name":"Delphine Dion","article_modified_time":"2025-12-11T11:03:05+00:00","og_image":[{"width":1392,"height":1000,"url":"https:\/\/delphinedion.com\/wp-content\/uploads\/2024\/12\/Carte-de-voeux-rougegorge-et-physalis.jpg","type":"image\/jpeg"}],"twitter_card":"summary_large_image","twitter_misc":{"Est. reading time":"1 minute"},"schema":{"@context":"https:\/\/schema.org","@graph":[{"@type":"WebPage","@id":"https:\/\/delphinedion.com\/en\/produit\/greeting-card-robin-physalis\/","url":"https:\/\/delphinedion.com\/en\/produit\/greeting-card-robin-physalis\/","name":"Greeting card | Robin &amp; Physalis - Delphine Dion","isPartOf":{"@id":"https:\/\/delphinedion.com\/en\/#website"},"primaryImageOfPage":{"@id":"https:\/\/delphinedion.com\/en\/produit\/greeting-card-robin-physalis\/#primaryimage"},"image":{"@id":"https:\/\/delphinedion.com\/en\/produit\/greeting-card-robin-physalis\/#primaryimage"},"thumbnailUrl":"https:\/\/delphinedion.com\/wp-content\/uploads\/2024\/12\/Carte-de-voeux-rougegorge-et-physalis.jpg","datePublished":"2024-12-04T14:07:23+00:00","dateModified":"2025-12-11T11:03:05+00:00","description":"Greeting Card | European Robin and Physalis | Illustrated card to express your best wishes to your closed ones","breadcrumb":{"@id":"https:\/\/delphinedion.com\/en\/produit\/greeting-card-robin-physalis\/#breadcrumb"},"inLanguage":"en-US","potentialAction":[{"@type":"ReadAction","target":["https:\/\/delphinedion.com\/en\/produit\/greeting-card-robin-physalis\/"]}]},{"@type":"ImageObject","inLanguage":"en-US","@id":"https:\/\/delphinedion.com\/en\/produit\/greeting-card-robin-physalis\/#primaryimage","url":"https:\/\/delphinedion.com\/wp-content\/uploads\/2024\/12\/Carte-de-voeux-rougegorge-et-physalis.jpg","contentUrl":"https:\/\/delphinedion.com\/wp-content\/uploads\/2024\/12\/Carte-de-voeux-rougegorge-et-physalis.jpg","width":1392,"height":1000,"caption":"carte de v\u0153ux illustr\u00e9e \u00e0 l'aquarelle avec un rougegorge et une branche de physalis"},{"@type":"BreadcrumbList","@id":"https:\/\/delphinedion.com\/en\/produit\/greeting-card-robin-physalis\/#breadcrumb","itemListElement":[{"@type":"ListItem","position":1,"name":"Accueil","item":"https:\/\/delphinedion.com\/en\/"},{"@type":"ListItem","position":2,"name":"Shop","item":"https:\/\/delphinedion.com\/en\/shop\/"},{"@type":"ListItem","position":3,"name":"Greeting card | Robin &amp; Physalis"}]},{"@type":"WebSite","@id":"https:\/\/delphinedion.com\/en\/#website","url":"https:\/\/delphinedion.com\/en\/","name":"Delphine Dion","description":"Nature &amp; Wildlife Artist","publisher":{"@id":"https:\/\/delphinedion.com\/en\/#organization"},"potentialAction":[{"@type":"SearchAction","target":{"@type":"EntryPoint","urlTemplate":"https:\/\/delphinedion.com\/en\/?s={search_term_string}"},"query-input":{"@type":"PropertyValueSpecification","valueRequired":true,"valueName":"search_term_string"}}],"inLanguage":"en-US"},{"@type":"Organization","@id":"https:\/\/delphinedion.com\/en\/#organization","name":"Delphine Dion","url":"https:\/\/delphinedion.com\/en\/","logo":{"@type":"ImageObject","inLanguage":"en-US","@id":"https:\/\/delphinedion.com\/en\/#\/schema\/logo\/image\/","url":"https:\/\/delphinedion.com\/wp-content\/uploads\/2024\/06\/cropped-Illustration_sans_titre-1b-1.png","contentUrl":"https:\/\/delphinedion.com\/wp-content\/uploads\/2024\/06\/cropped-Illustration_sans_titre-1b-1.png","width":512,"height":512,"caption":"Delphine Dion"},"image":{"@id":"https:\/\/delphinedion.com\/en\/#\/schema\/logo\/image\/"}}]}},"jetpack_sharing_enabled":true,"_links":{"self":[{"href":"https:\/\/delphinedion.com\/en\/wp-json\/wp\/v2\/product\/9696","targetHints":{"allow":["GET"]}}],"collection":[{"href":"https:\/\/delphinedion.com\/en\/wp-json\/wp\/v2\/product"}],"about":[{"href":"https:\/\/delphinedion.com\/en\/wp-json\/wp\/v2\/types\/product"}],"replies":[{"embeddable":true,"href":"https:\/\/delphinedion.com\/en\/wp-json\/wp\/v2\/comments?post=9696"}],"version-history":[{"count":0,"href":"https:\/\/delphinedion.com\/en\/wp-json\/wp\/v2\/product\/9696\/revisions"}],"wp:featuredmedia":[{"embeddable":true,"href":"https:\/\/delphinedion.com\/en\/wp-json\/wp\/v2\/media\/9686"}],"wp:attachment":[{"href":"https:\/\/delphinedion.com\/en\/wp-json\/wp\/v2\/media?parent=9696"}],"wp:term":[{"taxonomy":"product_brand","embeddable":true,"href":"https:\/\/delphinedion.com\/en\/wp-json\/wp\/v2\/product_brand?post=9696"},{"taxonomy":"product_cat","embeddable":true,"href":"https:\/\/delphinedion.com\/en\/wp-json\/wp\/v2\/product_cat?post=9696"},{"taxonomy":"product_tag","embeddable":true,"href":"https:\/\/delphinedion.com\/en\/wp-json\/wp\/v2\/product_tag?post=9696"}],"curies":[{"name":"wp","href":"https:\/\/api.w.org\/{rel}","templated":true}]}}